{"id":26,"date":"2025-06-26T10:45:26","date_gmt":"2025-06-26T10:45:26","guid":{"rendered":"https:\/\/royalcert.com\/es\/?page_id=26"},"modified":"2026-02-13T11:21:34","modified_gmt":"2026-02-13T11:21:34","slug":"news-and-updates","status":"publish","type":"page","link":"https:\/\/royalcert.com\/es\/en\/news-and-updates\/","title":{"rendered":"News &amp; Updates"},"content":{"rendered":"\t\t<div data-elementor-type=\"wp-page\" data-elementor-id=\"26\" class=\"elementor elementor-26\" data-elementor-post-type=\"page\">\n\t\t\t\t<div class=\"elementor-element elementor-element-4f9b9c5 e-con-full e-flex e-con e-parent\" data-id=\"4f9b9c5\" data-element_type=\"container\" data-e-type=\"container\" data-settings=\"{&quot;background_background&quot;:&quot;classic&quot;}\">\n\t\t<div class=\"elementor-element elementor-element-3efd045 e-flex e-con-boxed e-con e-child\" data-id=\"3efd045\" data-element_type=\"container\" data-e-type=\"container\" data-settings=\"{&quot;background_background&quot;:&quot;classic&quot;}\">\n\t\t\t\t\t<div class=\"e-con-inner\">\n\t\t<div class=\"elementor-element elementor-element-a7e041a e-con-full e-flex e-con e-child\" data-id=\"a7e041a\" data-element_type=\"container\" data-e-type=\"container\">\n\t\t<div class=\"elementor-element elementor-element-6cba51e e-con-full e-flex e-con e-child\" data-id=\"6cba51e\" data-element_type=\"container\" data-e-type=\"container\">\n\t\t\t\t<div class=\"elementor-element elementor-element-f4b9fa7 elementor-widget elementor-widget-theme-post-title elementor-page-title elementor-widget-heading\" data-id=\"f4b9fa7\" data-element_type=\"widget\" data-e-type=\"widget\" data-widget_type=\"theme-post-title.default\">\n\t\t\t\t<div class=\"elementor-widget-container\">\n\t\t\t\t\t<h1 class=\"elementor-heading-title elementor-size-default\">News &amp; Updates<\/h1>\t\t\t\t<\/div>\n\t\t\t\t<\/div>\n\t\t\t\t<div class=\"elementor-element elementor-element-7e5d65c elementor-widget elementor-widget-theme-post-excerpt\" data-id=\"7e5d65c\" data-element_type=\"widget\" data-e-type=\"widget\" data-widget_type=\"theme-post-excerpt.default\">\n\t\t\t\t<div class=\"elementor-widget-container\">\n\t\t\t\t\tStay informed with the latest updates, insights, and resources from RoyalCert's global operations and certification services.\t\t\t\t<\/div>\n\t\t\t\t<\/div>\n\t\t\t\t<\/div>\n\t\t\t\t<\/div>\n\t\t<div class=\"elementor-element elementor-element-9cd60c2 e-flex e-con-boxed e-con e-child\" data-id=\"9cd60c2\" data-element_type=\"container\" data-e-type=\"container\">\n\t\t\t\t\t<div class=\"e-con-inner\">\n\t\t\t\t\t<\/div>\n\t\t\t\t<\/div>\n\t\t\t\t\t<\/div>\n\t\t\t\t<\/div>\n\t\t\t\t<\/div>\n\t\t<div class=\"elementor-element elementor-element-738a9a7 e-flex e-con-boxed e-con e-parent\" data-id=\"738a9a7\" data-element_type=\"container\" data-e-type=\"container\">\n\t\t\t\t\t<div class=\"e-con-inner\">\n\t\t\t\t<div class=\"elementor-element elementor-element-0919f37 elementor-widget elementor-widget-spacer\" data-id=\"0919f37\" data-element_type=\"widget\" data-e-type=\"widget\" data-widget_type=\"spacer.default\">\n\t\t\t\t<div class=\"elementor-widget-container\">\n\t\t\t\t\t\t\t<div class=\"elementor-spacer\">\n\t\t\t<div class=\"elementor-spacer-inner\"><\/div>\n\t\t<\/div>\n\t\t\t\t\t\t<\/div>\n\t\t\t\t<\/div>\n\t\t\t\t\t<\/div>\n\t\t\t\t<\/div>\n\t\t<div class=\"elementor-element elementor-element-9608693 e-flex e-con-boxed e-con e-child\" data-id=\"9608693\" data-element_type=\"container\" data-e-type=\"container\">\n\t\t\t\t\t<div class=\"e-con-inner\">\n\t\t\t\t<div class=\"elementor-element elementor-element-47d7a5e elementor-grid-4 elementor-grid-tablet-2 elementor-grid-mobile-1 elementor-posts--thumbnail-top elementor-posts__hover-gradient elementor-widget elementor-widget-posts\" data-id=\"47d7a5e\" data-element_type=\"widget\" data-e-type=\"widget\" data-settings=\"{&quot;cards_columns&quot;:&quot;4&quot;,&quot;cards_row_gap&quot;:{&quot;unit&quot;:&quot;px&quot;,&quot;size&quot;:17,&quot;sizes&quot;:[]},&quot;cards_columns_tablet&quot;:&quot;2&quot;,&quot;cards_columns_mobile&quot;:&quot;1&quot;,&quot;cards_row_gap_tablet&quot;:{&quot;unit&quot;:&quot;px&quot;,&quot;size&quot;:&quot;&quot;,&quot;sizes&quot;:[]},&quot;cards_row_gap_mobile&quot;:{&quot;unit&quot;:&quot;px&quot;,&quot;size&quot;:&quot;&quot;,&quot;sizes&quot;:[]}}\" data-widget_type=\"posts.cards\">\n\t\t\t\t<div class=\"elementor-widget-container\">\n\t\t\t\t\t\t\t<div class=\"elementor-posts-container elementor-posts elementor-posts--skin-cards elementor-grid\" role=\"list\">\n\t\t\t\t<article class=\"elementor-post elementor-grid-item post-9090 post type-post status-publish format-standard has-post-thumbnail hentry category-sin-categoria\" role=\"listitem\">\n\t\t\t<div class=\"elementor-post__card\">\n\t\t\t\t<a class=\"elementor-post__thumbnail__link\" href=\"https:\/\/royalcert.com\/es\/blog\/anuncio-de-transicion-del-estandar-iso-iec-27006-12024\/\" tabindex=\"-1\" ><div class=\"elementor-post__thumbnail\"><img fetchpriority=\"high\" decoding=\"async\" width=\"2560\" height=\"1604\" src=\"https:\/\/royalcert.com\/es\/wp-content\/uploads\/sites\/7\/2026\/02\/ISO_IEC-27006-1-2024--scaled.webp\" class=\"attachment-full size-full wp-image-9091\" alt=\"\" srcset=\"https:\/\/royalcert.com\/es\/wp-content\/uploads\/sites\/7\/2026\/02\/ISO_IEC-27006-1-2024--scaled.webp 2560w, https:\/\/royalcert.com\/es\/wp-content\/uploads\/sites\/7\/2026\/02\/ISO_IEC-27006-1-2024--300x188.webp 300w, https:\/\/royalcert.com\/es\/wp-content\/uploads\/sites\/7\/2026\/02\/ISO_IEC-27006-1-2024--1024x641.webp 1024w, https:\/\/royalcert.com\/es\/wp-content\/uploads\/sites\/7\/2026\/02\/ISO_IEC-27006-1-2024--768x481.webp 768w, https:\/\/royalcert.com\/es\/wp-content\/uploads\/sites\/7\/2026\/02\/ISO_IEC-27006-1-2024--1536x962.webp 1536w, https:\/\/royalcert.com\/es\/wp-content\/uploads\/sites\/7\/2026\/02\/ISO_IEC-27006-1-2024--2048x1283.webp 2048w\" sizes=\"(max-width: 2560px) 100vw, 2560px\" \/><\/div><\/a>\n\t\t\t\t<div class=\"elementor-post__text\">\n\t\t\t\t<h3 class=\"elementor-post__title\">\n\t\t\t<a href=\"https:\/\/royalcert.com\/es\/blog\/anuncio-de-transicion-del-estandar-iso-iec-27006-12024\/\" >\n\t\t\t\tAnuncio de Transici\u00f3n del Est\u00e1ndar ISO\/IEC 27006-1:2024\t\t\t<\/a>\n\t\t<\/h3>\n\t\t\t\t<div class=\"elementor-post__excerpt\">\n\t\t\t<p>Por la presente notificamos a<\/p>\n\t\t<\/div>\n\t\t\t\t<\/div>\n\t\t\t\t\t<\/div>\n\t\t<\/article>\n\t\t\t\t<article class=\"elementor-post elementor-grid-item post-9096 post type-post status-publish format-standard has-post-thumbnail hentry category-sin-categoria\" role=\"listitem\">\n\t\t\t<div class=\"elementor-post__card\">\n\t\t\t\t<a class=\"elementor-post__thumbnail__link\" href=\"https:\/\/royalcert.com\/es\/blog\/una-historia-de-exito-en-el-corazon-de-estambul-grandmas-wonderland-ahora-esta-certificada-por-gstc\/\" tabindex=\"-1\" ><div class=\"elementor-post__thumbnail\"><img decoding=\"async\" width=\"1306\" height=\"628\" src=\"https:\/\/royalcert.com\/es\/wp-content\/uploads\/sites\/7\/2026\/02\/gstc-grandma-wonderland-2.webp\" class=\"attachment-full size-full wp-image-9100\" alt=\"Auditor\u00eda de certificaci\u00f3n de turismo sostenible GSTC Nivel 3 de Grandma\u2019s Wonderland realizada por RoyalCert\" srcset=\"https:\/\/royalcert.com\/es\/wp-content\/uploads\/sites\/7\/2026\/02\/gstc-grandma-wonderland-2.webp 1306w, https:\/\/royalcert.com\/es\/wp-content\/uploads\/sites\/7\/2026\/02\/gstc-grandma-wonderland-2-300x144.webp 300w, https:\/\/royalcert.com\/es\/wp-content\/uploads\/sites\/7\/2026\/02\/gstc-grandma-wonderland-2-1024x492.webp 1024w, https:\/\/royalcert.com\/es\/wp-content\/uploads\/sites\/7\/2026\/02\/gstc-grandma-wonderland-2-768x369.webp 768w\" sizes=\"(max-width: 1306px) 100vw, 1306px\" \/><\/div><\/a>\n\t\t\t\t<div class=\"elementor-post__text\">\n\t\t\t\t<h3 class=\"elementor-post__title\">\n\t\t\t<a href=\"https:\/\/royalcert.com\/es\/blog\/una-historia-de-exito-en-el-corazon-de-estambul-grandmas-wonderland-ahora-esta-certificada-por-gstc\/\" >\n\t\t\t\tUna historia de \u00e9xito en el coraz\u00f3n de Estambul: \u00a1Grandma\u2019s Wonderland ahora est\u00e1 certificada por GSTC!\t\t\t<\/a>\n\t\t<\/h3>\n\t\t\t\t<div class=\"elementor-post__excerpt\">\n\t\t\t<p>Grandma\u2019s Wonderland ha completado con \u00e9xito la auditor\u00eda de Nivel 3 de GSTC bajo la supervisi\u00f3n de RoyalCert, cumpliendo oficialmente con los criterios internacionales de sostenibilidad y fortaleciendo su posici\u00f3n como un destino de turismo sostenible reconocido a nivel global.<\/p>\n\t\t<\/div>\n\t\t\t\t<\/div>\n\t\t\t\t\t<\/div>\n\t\t<\/article>\n\t\t\t\t<article class=\"elementor-post elementor-grid-item post-9141 post type-post status-publish format-standard has-post-thumbnail hentry category-sin-categoria tag-gstc tag-itb-berlin-2026 tag-royalcert-events tag-turismo-sostenible-2 tag-turismo-sostenible\" role=\"listitem\">\n\t\t\t<div class=\"elementor-post__card\">\n\t\t\t\t<a class=\"elementor-post__thumbnail__link\" href=\"https:\/\/royalcert.com\/es\/blog\/estamos-exponiendo-en-itb-berlin-2026\/\" tabindex=\"-1\" ><div class=\"elementor-post__thumbnail\"><img decoding=\"async\" width=\"1340\" height=\"698\" src=\"https:\/\/royalcert.com\/es\/wp-content\/uploads\/sites\/7\/2026\/02\/Banner-ITB-Berlin.webp\" class=\"attachment-full size-full wp-image-9144\" alt=\"\" srcset=\"https:\/\/royalcert.com\/es\/wp-content\/uploads\/sites\/7\/2026\/02\/Banner-ITB-Berlin.webp 1340w, https:\/\/royalcert.com\/es\/wp-content\/uploads\/sites\/7\/2026\/02\/Banner-ITB-Berlin-300x156.webp 300w, https:\/\/royalcert.com\/es\/wp-content\/uploads\/sites\/7\/2026\/02\/Banner-ITB-Berlin-1024x533.webp 1024w, https:\/\/royalcert.com\/es\/wp-content\/uploads\/sites\/7\/2026\/02\/Banner-ITB-Berlin-768x400.webp 768w\" sizes=\"(max-width: 1340px) 100vw, 1340px\" \/><\/div><\/a>\n\t\t\t\t<div class=\"elementor-post__text\">\n\t\t\t\t<h3 class=\"elementor-post__title\">\n\t\t\t<a href=\"https:\/\/royalcert.com\/es\/blog\/estamos-exponiendo-en-itb-berlin-2026\/\" >\n\t\t\t\tEstamos exponiendo en ITB Berlin 2026<br><br>\t\t\t<\/a>\n\t\t<\/h3>\n\t\t\t\t<div class=\"elementor-post__excerpt\">\n\t\t\t<p>RoyalCert participar\u00e1 en ITB Berlin 2026, la principal feria mundial del sector tur\u00edstico, para presentar sus servicios de certificaci\u00f3n e inspecci\u00f3n en turismo y relacionarse con partes interesadas globales en torno al turismo sostenible y responsable.<\/p>\n\t\t<\/div>\n\t\t\t\t<\/div>\n\t\t\t\t\t<\/div>\n\t\t<\/article>\n\t\t\t\t<article class=\"elementor-post elementor-grid-item post-9146 post type-post status-publish format-standard has-post-thumbnail hentry category-sin-categoria\" role=\"listitem\">\n\t\t\t<div class=\"elementor-post__card\">\n\t\t\t\t<a class=\"elementor-post__thumbnail__link\" href=\"https:\/\/royalcert.com\/es\/blog\/gstc-turismo-sostenible-la-norma-mundial-para-2026\/\" tabindex=\"-1\" ><div class=\"elementor-post__thumbnail\"><img loading=\"lazy\" decoding=\"async\" width=\"1080\" height=\"550\" src=\"https:\/\/royalcert.com\/es\/wp-content\/uploads\/sites\/7\/2025\/07\/gstc-logo-banner.webp\" class=\"attachment-full size-full wp-image-8769\" alt=\"Consejo Global de Turismo Sostenible\" srcset=\"https:\/\/royalcert.com\/es\/wp-content\/uploads\/sites\/7\/2025\/07\/gstc-logo-banner.webp 1080w, https:\/\/royalcert.com\/es\/wp-content\/uploads\/sites\/7\/2025\/07\/gstc-logo-banner-300x153.webp 300w, https:\/\/royalcert.com\/es\/wp-content\/uploads\/sites\/7\/2025\/07\/gstc-logo-banner-1024x521.webp 1024w, https:\/\/royalcert.com\/es\/wp-content\/uploads\/sites\/7\/2025\/07\/gstc-logo-banner-768x391.webp 768w\" sizes=\"(max-width: 1080px) 100vw, 1080px\" \/><\/div><\/a>\n\t\t\t\t<div class=\"elementor-post__text\">\n\t\t\t\t<h3 class=\"elementor-post__title\">\n\t\t\t<a href=\"https:\/\/royalcert.com\/es\/blog\/gstc-turismo-sostenible-la-norma-mundial-para-2026\/\" >\n\t\t\t\tGSTC Turismo Sostenible: La norma mundial para 2026\t\t\t<\/a>\n\t\t<\/h3>\n\t\t\t\t<div class=\"elementor-post__excerpt\">\n\t\t\t<p>El sector de los viajes<\/p>\n\t\t<\/div>\n\t\t\t\t<\/div>\n\t\t\t\t\t<\/div>\n\t\t<\/article>\n\t\t\t\t<\/div>\n\t\t\n\t\t\t\t\t\t<\/div>\n\t\t\t\t<\/div>\n\t\t\t\t<div class=\"elementor-element elementor-element-1bd8df9 elementor-widget elementor-widget-spacer\" data-id=\"1bd8df9\" data-element_type=\"widget\" data-e-type=\"widget\" data-widget_type=\"spacer.default\">\n\t\t\t\t<div class=\"elementor-widget-container\">\n\t\t\t\t\t\t\t<div class=\"elementor-spacer\">\n\t\t\t<div class=\"elementor-spacer-inner\"><\/div>\n\t\t<\/div>\n\t\t\t\t\t\t<\/div>\n\t\t\t\t<\/div>\n\t\t\t\t\t<\/div>\n\t\t\t\t<\/div>\n\t\t\t\t<\/div>\n\t\t","protected":false},"excerpt":{"rendered":"<p>Stay informed with the latest updates, insights, and resources from RoyalCert&#8217;s global operations and certification services.<\/p>\n","protected":false},"author":1,"featured_media":3500,"parent":0,"menu_order":12,"comment_status":"closed","ping_status":"closed","template":"elementor_header_footer","meta":{"_acf_changed":false,"footnotes":""},"class_list":["post-26","page","type-page","status-publish","has-post-thumbnail","hentry"],"acf":[],"yoast_head":"<!-- This site is optimized with the Yoast SEO Premium plugin v27.3 (Yoast SEO v27.3) - https:\/\/yoast.com\/product\/yoast-seo-premium-wordpress\/ -->\n<title>News &amp; Updates - RoyalCert Espa\u00f1ol<\/title>\n<meta name=\"robots\" content=\"index, follow, max-snippet:-1, max-image-preview:large, max-video-preview:-1\" \/>\n<link rel=\"canonical\" href=\"https:\/\/royalcert.com\/es\/news-and-updates\/\" \/>\n<meta property=\"og:locale\" content=\"es_ES\" \/>\n<meta property=\"og:type\" content=\"article\" \/>\n<meta property=\"og:title\" content=\"News &amp; Updates\" \/>\n<meta property=\"og:description\" content=\"Stay informed with the latest updates, insights, and resources from RoyalCert&#039;s global operations and certification services.\" \/>\n<meta property=\"og:url\" content=\"https:\/\/royalcert.com\/es\/en\/news-and-updates\/\" \/>\n<meta property=\"og:site_name\" content=\"RoyalCert Espa\u00f1ol\" \/>\n<meta property=\"article:modified_time\" content=\"2026-02-13T11:21:34+00:00\" \/>\n<meta property=\"og:image\" content=\"https:\/\/royalcert.com\/es\/wp-content\/uploads\/sites\/7\/2025\/07\/news-and-resources-01-scaled.webp\" \/>\n\t<meta property=\"og:image:width\" content=\"2560\" \/>\n\t<meta property=\"og:image:height\" content=\"1421\" \/>\n\t<meta property=\"og:image:type\" content=\"image\/webp\" \/>\n<meta name=\"twitter:card\" content=\"summary_large_image\" \/>\n<meta name=\"twitter:label1\" content=\"Tiempo de lectura\" \/>\n\t<meta name=\"twitter:data1\" content=\"2 minutos\" \/>\n<script type=\"application\/ld+json\" class=\"yoast-schema-graph\">{\"@context\":\"https:\\\/\\\/schema.org\",\"@graph\":[{\"@type\":\"WebPage\",\"@id\":\"https:\\\/\\\/royalcert.com\\\/es\\\/en\\\/news-and-updates\\\/\",\"url\":\"https:\\\/\\\/royalcert.com\\\/es\\\/en\\\/news-and-updates\\\/\",\"name\":\"News &amp; Updates - RoyalCert Espa\u00f1ol\",\"isPartOf\":{\"@id\":\"https:\\\/\\\/royalcert.com\\\/es\\\/#website\"},\"primaryImageOfPage\":{\"@id\":\"https:\\\/\\\/royalcert.com\\\/es\\\/en\\\/news-and-updates\\\/#primaryimage\"},\"image\":{\"@id\":\"https:\\\/\\\/royalcert.com\\\/es\\\/en\\\/news-and-updates\\\/#primaryimage\"},\"thumbnailUrl\":\"https:\\\/\\\/royalcert.com\\\/es\\\/wp-content\\\/uploads\\\/sites\\\/7\\\/2025\\\/07\\\/news-and-resources-01-scaled.webp\",\"datePublished\":\"2025-06-26T10:45:26+00:00\",\"dateModified\":\"2026-02-13T11:21:34+00:00\",\"breadcrumb\":{\"@id\":\"https:\\\/\\\/royalcert.com\\\/es\\\/en\\\/news-and-updates\\\/#breadcrumb\"},\"inLanguage\":\"es\",\"potentialAction\":[{\"@type\":\"ReadAction\",\"target\":[\"https:\\\/\\\/royalcert.com\\\/es\\\/en\\\/news-and-updates\\\/\"]}]},{\"@type\":\"ImageObject\",\"inLanguage\":\"es\",\"@id\":\"https:\\\/\\\/royalcert.com\\\/es\\\/en\\\/news-and-updates\\\/#primaryimage\",\"url\":\"https:\\\/\\\/royalcert.com\\\/es\\\/wp-content\\\/uploads\\\/sites\\\/7\\\/2025\\\/07\\\/news-and-resources-01-scaled.webp\",\"contentUrl\":\"https:\\\/\\\/royalcert.com\\\/es\\\/wp-content\\\/uploads\\\/sites\\\/7\\\/2025\\\/07\\\/news-and-resources-01-scaled.webp\",\"width\":2560,\"height\":1421},{\"@type\":\"BreadcrumbList\",\"@id\":\"https:\\\/\\\/royalcert.com\\\/es\\\/en\\\/news-and-updates\\\/#breadcrumb\",\"itemListElement\":[{\"@type\":\"ListItem\",\"position\":1,\"name\":\"Inicio\",\"item\":\"https:\\\/\\\/royalcert.com\\\/es\\\/\"},{\"@type\":\"ListItem\",\"position\":2,\"name\":\"News &amp; Updates\"}]},{\"@type\":\"WebSite\",\"@id\":\"https:\\\/\\\/royalcert.com\\\/es\\\/#website\",\"url\":\"https:\\\/\\\/royalcert.com\\\/es\\\/\",\"name\":\"RoyalCert Espa\u00f1ol\",\"description\":\"Instilling Confidence\",\"publisher\":{\"@id\":\"https:\\\/\\\/royalcert.com\\\/es\\\/#organization\"},\"potentialAction\":[{\"@type\":\"SearchAction\",\"target\":{\"@type\":\"EntryPoint\",\"urlTemplate\":\"https:\\\/\\\/royalcert.com\\\/es\\\/?s={search_term_string}\"},\"query-input\":{\"@type\":\"PropertyValueSpecification\",\"valueRequired\":true,\"valueName\":\"search_term_string\"}}],\"inLanguage\":\"es\"},{\"@type\":\"Organization\",\"@id\":\"https:\\\/\\\/royalcert.com\\\/es\\\/#organization\",\"name\":\"RoyalCert Espa\u00f1ol\",\"url\":\"https:\\\/\\\/royalcert.com\\\/es\\\/\",\"logo\":{\"@type\":\"ImageObject\",\"inLanguage\":\"es\",\"@id\":\"https:\\\/\\\/royalcert.com\\\/es\\\/#\\\/schema\\\/logo\\\/image\\\/\",\"url\":\"https:\\\/\\\/royalcert.com\\\/es\\\/wp-content\\\/uploads\\\/sites\\\/7\\\/2025\\\/06\\\/royalcert-logo-standard.svg\",\"contentUrl\":\"https:\\\/\\\/royalcert.com\\\/es\\\/wp-content\\\/uploads\\\/sites\\\/7\\\/2025\\\/06\\\/royalcert-logo-standard.svg\",\"width\":323,\"height\":323,\"caption\":\"RoyalCert Espa\u00f1ol\"},\"image\":{\"@id\":\"https:\\\/\\\/royalcert.com\\\/es\\\/#\\\/schema\\\/logo\\\/image\\\/\"}}]}<\/script>\n<!-- \/ Yoast SEO Premium plugin. -->","yoast_head_json":{"title":"News &amp; Updates - RoyalCert Espa\u00f1ol","robots":{"index":"index","follow":"follow","max-snippet":"max-snippet:-1","max-image-preview":"max-image-preview:large","max-video-preview":"max-video-preview:-1"},"canonical":"https:\/\/royalcert.com\/es\/news-and-updates\/","og_locale":"es_ES","og_type":"article","og_title":"News &amp; Updates","og_description":"Stay informed with the latest updates, insights, and resources from RoyalCert's global operations and certification services.","og_url":"https:\/\/royalcert.com\/es\/en\/news-and-updates\/","og_site_name":"RoyalCert Espa\u00f1ol","article_modified_time":"2026-02-13T11:21:34+00:00","og_image":[{"width":2560,"height":1421,"url":"https:\/\/royalcert.com\/es\/wp-content\/uploads\/sites\/7\/2025\/07\/news-and-resources-01-scaled.webp","type":"image\/webp"}],"twitter_card":"summary_large_image","twitter_misc":{"Tiempo de lectura":"2 minutos"},"schema":{"@context":"https:\/\/schema.org","@graph":[{"@type":"WebPage","@id":"https:\/\/royalcert.com\/es\/en\/news-and-updates\/","url":"https:\/\/royalcert.com\/es\/en\/news-and-updates\/","name":"News &amp; Updates - RoyalCert Espa\u00f1ol","isPartOf":{"@id":"https:\/\/royalcert.com\/es\/#website"},"primaryImageOfPage":{"@id":"https:\/\/royalcert.com\/es\/en\/news-and-updates\/#primaryimage"},"image":{"@id":"https:\/\/royalcert.com\/es\/en\/news-and-updates\/#primaryimage"},"thumbnailUrl":"https:\/\/royalcert.com\/es\/wp-content\/uploads\/sites\/7\/2025\/07\/news-and-resources-01-scaled.webp","datePublished":"2025-06-26T10:45:26+00:00","dateModified":"2026-02-13T11:21:34+00:00","breadcrumb":{"@id":"https:\/\/royalcert.com\/es\/en\/news-and-updates\/#breadcrumb"},"inLanguage":"es","potentialAction":[{"@type":"ReadAction","target":["https:\/\/royalcert.com\/es\/en\/news-and-updates\/"]}]},{"@type":"ImageObject","inLanguage":"es","@id":"https:\/\/royalcert.com\/es\/en\/news-and-updates\/#primaryimage","url":"https:\/\/royalcert.com\/es\/wp-content\/uploads\/sites\/7\/2025\/07\/news-and-resources-01-scaled.webp","contentUrl":"https:\/\/royalcert.com\/es\/wp-content\/uploads\/sites\/7\/2025\/07\/news-and-resources-01-scaled.webp","width":2560,"height":1421},{"@type":"BreadcrumbList","@id":"https:\/\/royalcert.com\/es\/en\/news-and-updates\/#breadcrumb","itemListElement":[{"@type":"ListItem","position":1,"name":"Inicio","item":"https:\/\/royalcert.com\/es\/"},{"@type":"ListItem","position":2,"name":"News &amp; Updates"}]},{"@type":"WebSite","@id":"https:\/\/royalcert.com\/es\/#website","url":"https:\/\/royalcert.com\/es\/","name":"RoyalCert Espa\u00f1ol","description":"Instilling Confidence","publisher":{"@id":"https:\/\/royalcert.com\/es\/#organization"},"potentialAction":[{"@type":"SearchAction","target":{"@type":"EntryPoint","urlTemplate":"https:\/\/royalcert.com\/es\/?s={search_term_string}"},"query-input":{"@type":"PropertyValueSpecification","valueRequired":true,"valueName":"search_term_string"}}],"inLanguage":"es"},{"@type":"Organization","@id":"https:\/\/royalcert.com\/es\/#organization","name":"RoyalCert Espa\u00f1ol","url":"https:\/\/royalcert.com\/es\/","logo":{"@type":"ImageObject","inLanguage":"es","@id":"https:\/\/royalcert.com\/es\/#\/schema\/logo\/image\/","url":"https:\/\/royalcert.com\/es\/wp-content\/uploads\/sites\/7\/2025\/06\/royalcert-logo-standard.svg","contentUrl":"https:\/\/royalcert.com\/es\/wp-content\/uploads\/sites\/7\/2025\/06\/royalcert-logo-standard.svg","width":323,"height":323,"caption":"RoyalCert Espa\u00f1ol"},"image":{"@id":"https:\/\/royalcert.com\/es\/#\/schema\/logo\/image\/"}}]}},"_links":{"self":[{"href":"https:\/\/royalcert.com\/es\/wp-json\/wp\/v2\/pages\/26","targetHints":{"allow":["GET"]}}],"collection":[{"href":"https:\/\/royalcert.com\/es\/wp-json\/wp\/v2\/pages"}],"about":[{"href":"https:\/\/royalcert.com\/es\/wp-json\/wp\/v2\/types\/page"}],"author":[{"embeddable":true,"href":"https:\/\/royalcert.com\/es\/wp-json\/wp\/v2\/users\/1"}],"replies":[{"embeddable":true,"href":"https:\/\/royalcert.com\/es\/wp-json\/wp\/v2\/comments?post=26"}],"version-history":[{"count":13,"href":"https:\/\/royalcert.com\/es\/wp-json\/wp\/v2\/pages\/26\/revisions"}],"predecessor-version":[{"id":8624,"href":"https:\/\/royalcert.com\/es\/wp-json\/wp\/v2\/pages\/26\/revisions\/8624"}],"wp:featuredmedia":[{"embeddable":true,"href":"https:\/\/royalcert.com\/es\/wp-json\/wp\/v2\/media\/3500"}],"wp:attachment":[{"href":"https:\/\/royalcert.com\/es\/wp-json\/wp\/v2\/media?parent=26"}],"curies":[{"name":"wp","href":"https:\/\/api.w.org\/{rel}","templated":true}]}}