{"id":8758,"date":"2025-06-26T11:04:25","date_gmt":"2025-06-26T11:04:25","guid":{"rendered":"https:\/\/royalcert.com\/es\/comentarios\/"},"modified":"2026-03-06T07:33:43","modified_gmt":"2026-03-06T07:33:43","slug":"comentarios","status":"publish","type":"page","link":"https:\/\/royalcert.com\/es\/comentarios\/","title":{"rendered":"Comentarios"},"content":{"rendered":"\t\t<div data-elementor-type=\"wp-page\" data-elementor-id=\"8758\" class=\"elementor elementor-8758 elementor-34\" data-elementor-post-type=\"page\">\n\t\t\t\t<div class=\"elementor-element elementor-element-da1f7c9 e-flex e-con-boxed e-con e-child\" data-id=\"da1f7c9\" data-element_type=\"container\" data-e-type=\"container\" data-settings=\"{&quot;background_background&quot;:&quot;classic&quot;}\">\n\t\t\t\t\t<div class=\"e-con-inner\">\n\t\t<div class=\"elementor-element elementor-element-a1b27b7 e-con-full e-flex e-con e-child\" data-id=\"a1b27b7\" data-element_type=\"container\" data-e-type=\"container\">\n\t\t<div class=\"elementor-element elementor-element-816f17f e-con-full e-flex e-con e-child\" data-id=\"816f17f\" data-element_type=\"container\" data-e-type=\"container\">\n\t\t\t\t<div class=\"elementor-element elementor-element-4feb0ed elementor-widget elementor-widget-theme-post-title elementor-page-title elementor-widget-heading\" data-id=\"4feb0ed\" data-element_type=\"widget\" data-e-type=\"widget\" data-widget_type=\"theme-post-title.default\">\n\t\t\t\t<div class=\"elementor-widget-container\">\n\t\t\t\t\t<h1 class=\"elementor-heading-title elementor-size-default\">Comentarios<\/h1>\t\t\t\t<\/div>\n\t\t\t\t<\/div>\n\t\t\t\t<div class=\"elementor-element elementor-element-a5e39ed elementor-widget elementor-widget-theme-post-excerpt\" data-id=\"a5e39ed\" data-element_type=\"widget\" data-e-type=\"widget\" data-widget_type=\"theme-post-excerpt.default\">\n\t\t\t\t<div class=\"elementor-widget-container\">\n\t\t\t\t\tSus comentarios impulsan nuestra mejora. Comparta su experiencia con RoyalCert para ayudarnos a ofrecer servicios de certificaci\u00f3n e inspecci\u00f3n a\u00fan mejores.\t\t\t\t<\/div>\n\t\t\t\t<\/div>\n\t\t\t\t<\/div>\n\t\t\t\t<\/div>\n\t\t<div class=\"elementor-element elementor-element-7bde4d2 e-flex e-con-boxed e-con e-child\" data-id=\"7bde4d2\" data-element_type=\"container\" data-e-type=\"container\">\n\t\t\t\t\t<div class=\"e-con-inner\">\n\t\t\t\t\t<\/div>\n\t\t\t\t<\/div>\n\t\t\t\t\t<\/div>\n\t\t\t\t<\/div>\n\t\t<div class=\"elementor-element elementor-element-115337f e-flex e-con-boxed e-con e-parent\" data-id=\"115337f\" data-element_type=\"container\" data-e-type=\"container\" data-settings=\"{&quot;background_background&quot;:&quot;classic&quot;}\">\n\t\t\t\t\t<div class=\"e-con-inner\">\n\t\t<div class=\"elementor-element elementor-element-27a9d75 e-con-full e-flex e-con e-child\" data-id=\"27a9d75\" data-element_type=\"container\" data-e-type=\"container\">\n\t\t<div class=\"elementor-element elementor-element-53ceb8c e-con-full e-flex e-con e-child\" data-id=\"53ceb8c\" data-element_type=\"container\" data-e-type=\"container\">\n\t\t<div class=\"elementor-element elementor-element-caf2e77 e-con-full e-flex e-con e-child\" data-id=\"caf2e77\" data-element_type=\"container\" data-e-type=\"container\">\n\t\t<div class=\"elementor-element elementor-element-f347f8d e-con-full e-flex e-con e-child\" data-id=\"f347f8d\" data-element_type=\"container\" data-e-type=\"container\">\n\t\t\t\t<div class=\"elementor-element elementor-element-627376b elementor-widget elementor-widget-heading\" data-id=\"627376b\" data-element_type=\"widget\" data-e-type=\"widget\" data-widget_type=\"heading.default\">\n\t\t\t\t<div class=\"elementor-widget-container\">\n\t\t\t\t\t<h2 class=\"elementor-heading-title elementor-size-default\">Valoramos sus comentarios<\/h2>\t\t\t\t<\/div>\n\t\t\t\t<\/div>\n\t\t\t\t<div class=\"elementor-element elementor-element-a19cce6 elementor-widget elementor-widget-text-editor\" data-id=\"a19cce6\" data-element_type=\"widget\" data-e-type=\"widget\" data-widget_type=\"text-editor.default\">\n\t\t\t\t<div class=\"elementor-widget-container\">\n\t\t\t\t\t\t\t\t\t<p>Sus comentarios nos ayudan a mejorar y adaptar nuestros servicios. Cada comentario que recibimos es revisado y contribuye a nuestro proceso continuo de mejora de la calidad. Las necesidades del cliente y su satisfacci\u00f3n a largo plazo son fundamentales en todo lo que hacemos; por eso agradecemos sus comentarios, felicitaciones, observaciones y reclamaciones, y respondemos a ellos de forma r\u00e1pida y profesional.<\/p>\t\t\t\t\t\t\t\t<\/div>\n\t\t\t\t<\/div>\n\t\t\t\t<div class=\"elementor-element elementor-element-bcd2ee9 elementor-widget elementor-widget-text-editor\" data-id=\"bcd2ee9\" data-element_type=\"widget\" data-e-type=\"widget\" data-widget_type=\"text-editor.default\">\n\t\t\t\t<div class=\"elementor-widget-container\">\n\t\t\t\t\t\t\t\t\t<p>Para nuestros procedimientos de apelaciones y reclamaciones;<\/p>\t\t\t\t\t\t\t\t<\/div>\n\t\t\t\t<\/div>\n\t\t<div class=\"elementor-element elementor-element-4e3b70c e-con-full e-flex e-con e-child\" data-id=\"4e3b70c\" data-element_type=\"container\" data-e-type=\"container\">\n\t\t\t\t<div class=\"elementor-element elementor-element-98fd773 elementor-widget elementor-widget-button\" data-id=\"98fd773\" data-element_type=\"widget\" data-e-type=\"widget\" data-widget_type=\"button.default\">\n\t\t\t\t<div class=\"elementor-widget-container\">\n\t\t\t\t\t\t\t\t\t<div class=\"elementor-button-wrapper\">\n\t\t\t\t\t<a class=\"elementor-button elementor-button-link elementor-size-sm\" href=\"https:\/\/royalcert.com\/es\/?page_id=44\">\n\t\t\t\t\t\t<span class=\"elementor-button-content-wrapper\">\n\t\t\t\t\t\t\t\t\t<span class=\"elementor-button-text\">Haga clic aqu\u00ed <\/span>\n\t\t\t\t\t<\/span>\n\t\t\t\t\t<\/a>\n\t\t\t\t<\/div>\n\t\t\t\t\t\t\t\t<\/div>\n\t\t\t\t<\/div>\n\t\t\t\t<\/div>\n\t\t\t\t<\/div>\n\t\t\t\t<\/div>\n\t\t\t\t<\/div>\n\t\t<div class=\"elementor-element elementor-element-6c9cc57 e-con-full e-flex e-con e-child\" data-id=\"6c9cc57\" data-element_type=\"container\" data-e-type=\"container\">\n\t\t<div class=\"elementor-element elementor-element-1460f9c e-con-full e-flex e-con e-child\" data-id=\"1460f9c\" data-element_type=\"container\" data-e-type=\"container\">\n\t\t<div class=\"elementor-element elementor-element-431f347 e-con-full e-flex e-con e-child\" data-id=\"431f347\" data-element_type=\"container\" data-e-type=\"container\">\n\t\t\t\t<div class=\"elementor-element elementor-element-8d2683b elementor-widget elementor-widget-image\" data-id=\"8d2683b\" data-element_type=\"widget\" data-e-type=\"widget\" data-widget_type=\"image.default\">\n\t\t\t\t<div class=\"elementor-widget-container\">\n\t\t\t\t\t\t\t\t\t\t\t\t\t\t\t<img fetchpriority=\"high\" decoding=\"async\" width=\"800\" height=\"400\" src=\"https:\/\/royalcert.com\/es\/wp-content\/uploads\/sites\/7\/2025\/07\/freedback-royalcert-02-1024x512.webp\" class=\"attachment-large size-large wp-image-8760\" alt=\"\" srcset=\"https:\/\/royalcert.com\/es\/wp-content\/uploads\/sites\/7\/2025\/07\/freedback-royalcert-02-1024x512.webp 1024w, https:\/\/royalcert.com\/es\/wp-content\/uploads\/sites\/7\/2025\/07\/freedback-royalcert-02-300x150.webp 300w, https:\/\/royalcert.com\/es\/wp-content\/uploads\/sites\/7\/2025\/07\/freedback-royalcert-02-768x384.webp 768w, https:\/\/royalcert.com\/es\/wp-content\/uploads\/sites\/7\/2025\/07\/freedback-royalcert-02-1536x768.webp 1536w, https:\/\/royalcert.com\/es\/wp-content\/uploads\/sites\/7\/2025\/07\/freedback-royalcert-02-2048x1024.webp 2048w\" sizes=\"(max-width: 800px) 100vw, 800px\" \/>\t\t\t\t\t\t\t\t\t\t\t\t\t\t\t<\/div>\n\t\t\t\t<\/div>\n\t\t\t\t<\/div>\n\t\t\t\t<\/div>\n\t\t\t\t<\/div>\n\t\t\t\t<\/div>\n\t\t\t\t\t<\/div>\n\t\t\t\t<\/div>\n\t\t\t\t<\/div>\n\t\t","protected":false},"excerpt":{"rendered":"<p>Sus comentarios impulsan nuestra mejora. Comparta su experiencia con RoyalCert para ayudarnos a ofrecer servicios de certificaci\u00f3n e inspecci\u00f3n a\u00fan mejores.<\/p>\n","protected":false},"author":1,"featured_media":8763,"parent":0,"menu_order":1,"comment_status":"closed","ping_status":"closed","template":"elementor_header_footer","meta":{"_acf_changed":false,"footnotes":""},"class_list":["post-8758","page","type-page","status-publish","has-post-thumbnail","hentry"],"acf":[],"yoast_head":"<!-- This site is optimized with the Yoast SEO Premium plugin v27.4 (Yoast SEO v27.4) - https:\/\/yoast.com\/product\/yoast-seo-premium-wordpress\/ -->\n<title>Comentarios - RoyalCert Espa\u00f1ol<\/title>\n<meta name=\"description\" content=\"our feedback drives our improvement. Share your experience, compliments, or complaints with RoyalCert to help us enhance our certification and inspection services.\" \/>\n<meta name=\"robots\" content=\"index, follow, max-snippet:-1, max-image-preview:large, max-video-preview:-1\" \/>\n<link rel=\"canonical\" href=\"https:\/\/royalcert.com\/es\/comentarios\/\" \/>\n<meta property=\"og:locale\" content=\"es_ES\" \/>\n<meta property=\"og:type\" content=\"article\" \/>\n<meta property=\"og:title\" content=\"Comentarios\" \/>\n<meta property=\"og:description\" content=\"our feedback drives our improvement. Share your experience, compliments, or complaints with RoyalCert to help us enhance our certification and inspection services.\" \/>\n<meta property=\"og:url\" content=\"https:\/\/royalcert.com\/es\/comentarios\/\" \/>\n<meta property=\"og:site_name\" content=\"RoyalCert Espa\u00f1ol\" \/>\n<meta property=\"article:modified_time\" content=\"2026-03-06T07:33:43+00:00\" \/>\n<meta property=\"og:image\" content=\"https:\/\/royalcert.com\/es\/wp-content\/uploads\/sites\/7\/2026\/01\/freedback-royalcert-05-scaled.webp\" \/>\n\t<meta property=\"og:image:width\" content=\"2560\" \/>\n\t<meta property=\"og:image:height\" content=\"1707\" \/>\n\t<meta property=\"og:image:type\" content=\"image\/webp\" \/>\n<meta name=\"twitter:card\" content=\"summary_large_image\" \/>\n<script type=\"application\/ld+json\" class=\"yoast-schema-graph\">{\"@context\":\"https:\\\/\\\/schema.org\",\"@graph\":[{\"@type\":\"WebPage\",\"@id\":\"https:\\\/\\\/royalcert.com\\\/es\\\/comentarios\\\/\",\"url\":\"https:\\\/\\\/royalcert.com\\\/es\\\/comentarios\\\/\",\"name\":\"Comentarios - RoyalCert Espa\u00f1ol\",\"isPartOf\":{\"@id\":\"https:\\\/\\\/royalcert.com\\\/es\\\/#website\"},\"primaryImageOfPage\":{\"@id\":\"https:\\\/\\\/royalcert.com\\\/es\\\/comentarios\\\/#primaryimage\"},\"image\":{\"@id\":\"https:\\\/\\\/royalcert.com\\\/es\\\/comentarios\\\/#primaryimage\"},\"thumbnailUrl\":\"https:\\\/\\\/royalcert.com\\\/es\\\/wp-content\\\/uploads\\\/sites\\\/7\\\/2026\\\/01\\\/freedback-royalcert-05-scaled.webp\",\"datePublished\":\"2025-06-26T11:04:25+00:00\",\"dateModified\":\"2026-03-06T07:33:43+00:00\",\"description\":\"our feedback drives our improvement. Share your experience, compliments, or complaints with RoyalCert to help us enhance our certification and inspection services.\",\"breadcrumb\":{\"@id\":\"https:\\\/\\\/royalcert.com\\\/es\\\/comentarios\\\/#breadcrumb\"},\"inLanguage\":\"es\",\"potentialAction\":[{\"@type\":\"ReadAction\",\"target\":[\"https:\\\/\\\/royalcert.com\\\/es\\\/comentarios\\\/\"]}]},{\"@type\":\"ImageObject\",\"inLanguage\":\"es\",\"@id\":\"https:\\\/\\\/royalcert.com\\\/es\\\/comentarios\\\/#primaryimage\",\"url\":\"https:\\\/\\\/royalcert.com\\\/es\\\/wp-content\\\/uploads\\\/sites\\\/7\\\/2026\\\/01\\\/freedback-royalcert-05-scaled.webp\",\"contentUrl\":\"https:\\\/\\\/royalcert.com\\\/es\\\/wp-content\\\/uploads\\\/sites\\\/7\\\/2026\\\/01\\\/freedback-royalcert-05-scaled.webp\",\"width\":2560,\"height\":1707},{\"@type\":\"BreadcrumbList\",\"@id\":\"https:\\\/\\\/royalcert.com\\\/es\\\/comentarios\\\/#breadcrumb\",\"itemListElement\":[{\"@type\":\"ListItem\",\"position\":1,\"name\":\"Inicio\",\"item\":\"https:\\\/\\\/royalcert.com\\\/es\\\/\"},{\"@type\":\"ListItem\",\"position\":2,\"name\":\"Comentarios\"}]},{\"@type\":\"WebSite\",\"@id\":\"https:\\\/\\\/royalcert.com\\\/es\\\/#website\",\"url\":\"https:\\\/\\\/royalcert.com\\\/es\\\/\",\"name\":\"RoyalCert Espa\u00f1ol\",\"description\":\"Instilling Confidence\",\"publisher\":{\"@id\":\"https:\\\/\\\/royalcert.com\\\/es\\\/#organization\"},\"potentialAction\":[{\"@type\":\"SearchAction\",\"target\":{\"@type\":\"EntryPoint\",\"urlTemplate\":\"https:\\\/\\\/royalcert.com\\\/es\\\/?s={search_term_string}\"},\"query-input\":{\"@type\":\"PropertyValueSpecification\",\"valueRequired\":true,\"valueName\":\"search_term_string\"}}],\"inLanguage\":\"es\"},{\"@type\":\"Organization\",\"@id\":\"https:\\\/\\\/royalcert.com\\\/es\\\/#organization\",\"name\":\"RoyalCert Espa\u00f1ol\",\"url\":\"https:\\\/\\\/royalcert.com\\\/es\\\/\",\"logo\":{\"@type\":\"ImageObject\",\"inLanguage\":\"es\",\"@id\":\"https:\\\/\\\/royalcert.com\\\/es\\\/#\\\/schema\\\/logo\\\/image\\\/\",\"url\":\"https:\\\/\\\/royalcert.com\\\/es\\\/wp-content\\\/uploads\\\/sites\\\/7\\\/2025\\\/06\\\/royalcert-logo-standard.svg\",\"contentUrl\":\"https:\\\/\\\/royalcert.com\\\/es\\\/wp-content\\\/uploads\\\/sites\\\/7\\\/2025\\\/06\\\/royalcert-logo-standard.svg\",\"width\":323,\"height\":323,\"caption\":\"RoyalCert Espa\u00f1ol\"},\"image\":{\"@id\":\"https:\\\/\\\/royalcert.com\\\/es\\\/#\\\/schema\\\/logo\\\/image\\\/\"}}]}<\/script>\n<!-- \/ Yoast SEO Premium plugin. -->","yoast_head_json":{"title":"Comentarios - RoyalCert Espa\u00f1ol","description":"our feedback drives our improvement. Share your experience, compliments, or complaints with RoyalCert to help us enhance our certification and inspection services.","robots":{"index":"index","follow":"follow","max-snippet":"max-snippet:-1","max-image-preview":"max-image-preview:large","max-video-preview":"max-video-preview:-1"},"canonical":"https:\/\/royalcert.com\/es\/comentarios\/","og_locale":"es_ES","og_type":"article","og_title":"Comentarios","og_description":"our feedback drives our improvement. Share your experience, compliments, or complaints with RoyalCert to help us enhance our certification and inspection services.","og_url":"https:\/\/royalcert.com\/es\/comentarios\/","og_site_name":"RoyalCert Espa\u00f1ol","article_modified_time":"2026-03-06T07:33:43+00:00","og_image":[{"width":2560,"height":1707,"url":"https:\/\/royalcert.com\/es\/wp-content\/uploads\/sites\/7\/2026\/01\/freedback-royalcert-05-scaled.webp","type":"image\/webp"}],"twitter_card":"summary_large_image","schema":{"@context":"https:\/\/schema.org","@graph":[{"@type":"WebPage","@id":"https:\/\/royalcert.com\/es\/comentarios\/","url":"https:\/\/royalcert.com\/es\/comentarios\/","name":"Comentarios - RoyalCert Espa\u00f1ol","isPartOf":{"@id":"https:\/\/royalcert.com\/es\/#website"},"primaryImageOfPage":{"@id":"https:\/\/royalcert.com\/es\/comentarios\/#primaryimage"},"image":{"@id":"https:\/\/royalcert.com\/es\/comentarios\/#primaryimage"},"thumbnailUrl":"https:\/\/royalcert.com\/es\/wp-content\/uploads\/sites\/7\/2026\/01\/freedback-royalcert-05-scaled.webp","datePublished":"2025-06-26T11:04:25+00:00","dateModified":"2026-03-06T07:33:43+00:00","description":"our feedback drives our improvement. Share your experience, compliments, or complaints with RoyalCert to help us enhance our certification and inspection services.","breadcrumb":{"@id":"https:\/\/royalcert.com\/es\/comentarios\/#breadcrumb"},"inLanguage":"es","potentialAction":[{"@type":"ReadAction","target":["https:\/\/royalcert.com\/es\/comentarios\/"]}]},{"@type":"ImageObject","inLanguage":"es","@id":"https:\/\/royalcert.com\/es\/comentarios\/#primaryimage","url":"https:\/\/royalcert.com\/es\/wp-content\/uploads\/sites\/7\/2026\/01\/freedback-royalcert-05-scaled.webp","contentUrl":"https:\/\/royalcert.com\/es\/wp-content\/uploads\/sites\/7\/2026\/01\/freedback-royalcert-05-scaled.webp","width":2560,"height":1707},{"@type":"BreadcrumbList","@id":"https:\/\/royalcert.com\/es\/comentarios\/#breadcrumb","itemListElement":[{"@type":"ListItem","position":1,"name":"Inicio","item":"https:\/\/royalcert.com\/es\/"},{"@type":"ListItem","position":2,"name":"Comentarios"}]},{"@type":"WebSite","@id":"https:\/\/royalcert.com\/es\/#website","url":"https:\/\/royalcert.com\/es\/","name":"RoyalCert Espa\u00f1ol","description":"Instilling Confidence","publisher":{"@id":"https:\/\/royalcert.com\/es\/#organization"},"potentialAction":[{"@type":"SearchAction","target":{"@type":"EntryPoint","urlTemplate":"https:\/\/royalcert.com\/es\/?s={search_term_string}"},"query-input":{"@type":"PropertyValueSpecification","valueRequired":true,"valueName":"search_term_string"}}],"inLanguage":"es"},{"@type":"Organization","@id":"https:\/\/royalcert.com\/es\/#organization","name":"RoyalCert Espa\u00f1ol","url":"https:\/\/royalcert.com\/es\/","logo":{"@type":"ImageObject","inLanguage":"es","@id":"https:\/\/royalcert.com\/es\/#\/schema\/logo\/image\/","url":"https:\/\/royalcert.com\/es\/wp-content\/uploads\/sites\/7\/2025\/06\/royalcert-logo-standard.svg","contentUrl":"https:\/\/royalcert.com\/es\/wp-content\/uploads\/sites\/7\/2025\/06\/royalcert-logo-standard.svg","width":323,"height":323,"caption":"RoyalCert Espa\u00f1ol"},"image":{"@id":"https:\/\/royalcert.com\/es\/#\/schema\/logo\/image\/"}}]}},"_links":{"self":[{"href":"https:\/\/royalcert.com\/es\/wp-json\/wp\/v2\/pages\/8758","targetHints":{"allow":["GET"]}}],"collection":[{"href":"https:\/\/royalcert.com\/es\/wp-json\/wp\/v2\/pages"}],"about":[{"href":"https:\/\/royalcert.com\/es\/wp-json\/wp\/v2\/types\/page"}],"author":[{"embeddable":true,"href":"https:\/\/royalcert.com\/es\/wp-json\/wp\/v2\/users\/1"}],"replies":[{"embeddable":true,"href":"https:\/\/royalcert.com\/es\/wp-json\/wp\/v2\/comments?post=8758"}],"version-history":[{"count":1,"href":"https:\/\/royalcert.com\/es\/wp-json\/wp\/v2\/pages\/8758\/revisions"}],"predecessor-version":[{"id":8764,"href":"https:\/\/royalcert.com\/es\/wp-json\/wp\/v2\/pages\/8758\/revisions\/8764"}],"wp:featuredmedia":[{"embeddable":true,"href":"https:\/\/royalcert.com\/es\/wp-json\/wp\/v2\/media\/8763"}],"wp:attachment":[{"href":"https:\/\/royalcert.com\/es\/wp-json\/wp\/v2\/media?parent=8758"}],"curies":[{"name":"wp","href":"https:\/\/api.w.org\/{rel}","templated":true}]}}