{"id":8897,"date":"2025-06-26T12:05:28","date_gmt":"2025-06-26T12:05:28","guid":{"rendered":"https:\/\/royalcert.com\/es\/auditorias-de-segunda-parte\/"},"modified":"2026-03-11T12:59:56","modified_gmt":"2026-03-11T12:59:56","slug":"auditorias-de-segunda-parte","status":"publish","type":"page","link":"https:\/\/royalcert.com\/es\/auditorias-de-segunda-parte\/","title":{"rendered":"Auditor\u00edas de Segunda Parte"},"content":{"rendered":"\t\t<div data-elementor-type=\"wp-page\" data-elementor-id=\"8897\" class=\"elementor elementor-8897 elementor-94\" data-elementor-post-type=\"page\">\n\t\t\t\t<div class=\"elementor-element elementor-element-1db2046 e-con-full rc-hero e-flex e-con e-parent\" data-id=\"1db2046\" data-element_type=\"container\" data-e-type=\"container\" data-settings=\"{&quot;background_background&quot;:&quot;classic&quot;}\">\n\t\t<div class=\"elementor-element elementor-element-1009e81 e-flex e-con-boxed e-con e-child\" data-id=\"1009e81\" data-element_type=\"container\" data-e-type=\"container\" data-settings=\"{&quot;background_background&quot;:&quot;classic&quot;}\">\n\t\t\t\t\t<div class=\"e-con-inner\">\n\t\t<div class=\"elementor-element elementor-element-75549ef e-con-full e-flex e-con e-child\" data-id=\"75549ef\" data-element_type=\"container\" data-e-type=\"container\">\n\t\t<div class=\"elementor-element elementor-element-6dc2201 e-con-full e-flex e-con e-child\" data-id=\"6dc2201\" data-element_type=\"container\" data-e-type=\"container\">\n\t\t\t\t<div class=\"elementor-element elementor-element-57a50a9 elementor-widget elementor-widget-theme-post-title elementor-page-title elementor-widget-heading\" data-id=\"57a50a9\" data-element_type=\"widget\" data-e-type=\"widget\" data-widget_type=\"theme-post-title.default\">\n\t\t\t\t<div class=\"elementor-widget-container\">\n\t\t\t\t\t<h1 class=\"elementor-heading-title elementor-size-default\">Auditor\u00edas de Segunda Parte<\/h1>\t\t\t\t<\/div>\n\t\t\t\t<\/div>\n\t\t\t\t<div class=\"elementor-element elementor-element-524a20d elementor-widget elementor-widget-theme-post-excerpt\" data-id=\"524a20d\" data-element_type=\"widget\" data-e-type=\"widget\" data-widget_type=\"theme-post-excerpt.default\">\n\t\t\t\t<div class=\"elementor-widget-container\">\n\t\t\t\t\tGarantice el cumplimiento y la calidad de sus proveedores mediante auditor\u00edas de segunda parte personalizadas por RoyalCert.\t\t\t\t<\/div>\n\t\t\t\t<\/div>\n\t\t\t\t<\/div>\n\t\t\t\t<\/div>\n\t\t<div class=\"elementor-element elementor-element-52e8a8a e-flex e-con-boxed e-con e-child\" data-id=\"52e8a8a\" data-element_type=\"container\" data-e-type=\"container\">\n\t\t\t\t\t<div class=\"e-con-inner\">\n\t\t\t\t\t<\/div>\n\t\t\t\t<\/div>\n\t\t\t\t\t<\/div>\n\t\t\t\t<\/div>\n\t\t\t\t<\/div>\n\t\t<div class=\"elementor-element elementor-element-67a36a7 rc-breadcrumb-wrap elementor-hidden-tablet elementor-hidden-mobile e-flex e-con-boxed e-con e-parent\" data-id=\"67a36a7\" data-element_type=\"container\" data-e-type=\"container\" data-settings=\"{&quot;background_background&quot;:&quot;classic&quot;}\">\n\t\t\t\t\t<div class=\"e-con-inner\">\n\t\t\t\t<div class=\"elementor-element elementor-element-3c66072 elementor-widget elementor-widget-breadcrumbs\" data-id=\"3c66072\" data-element_type=\"widget\" data-e-type=\"widget\" data-widget_type=\"breadcrumbs.default\">\n\t\t\t\t<div class=\"elementor-widget-container\">\n\t\t\t\t\t<p id=\"breadcrumbs\"><span><span><a href=\"https:\/\/royalcert.com\/es\/\">Inicio<\/a><\/span><\/span><\/p>\t\t\t\t<\/div>\n\t\t\t\t<\/div>\n\t\t\t\t\t<\/div>\n\t\t\t\t<\/div>\n\t\t<div class=\"elementor-element elementor-element-63a4690 e-flex e-con-boxed e-con e-parent\" data-id=\"63a4690\" data-element_type=\"container\" data-e-type=\"container\">\n\t\t\t\t\t<div class=\"e-con-inner\">\n\t\t\t\t<div class=\"elementor-element elementor-element-9a7ba46 elementor-widget elementor-widget-text-editor\" data-id=\"9a7ba46\" data-element_type=\"widget\" data-e-type=\"widget\" data-widget_type=\"text-editor.default\">\n\t\t\t\t<div class=\"elementor-widget-container\">\n\t\t\t\t\t\t\t\t\t<h3>Flexibilidad para Todo Tipo de Auditor\u00edas<\/h3><p>Las auditor\u00edas de segunda parte de RoyalCert son evaluaciones personalizadas dise\u00f1adas para ayudar a las organizaciones a garantizar que sus proveedores y socios cumplan con los requisitos espec\u00edficos y los est\u00e1ndares de calidad. Ya sea que opere en manufactura, seguridad alimentaria, atenci\u00f3n m\u00e9dica o cualquier otro sector regulado, los auditores experimentados de RoyalCert adaptan su enfoque para satisfacer las necesidades \u00fanicas de su cadena de suministro. Nuestra metodolog\u00eda de auditor\u00eda estructurada le proporciona informaci\u00f3n clara y pr\u00e1ctica para fortalecer las relaciones con los proveedores e impulsar la mejora continua en toda su cadena de valor.<\/p>\t\t\t\t\t\t\t\t<\/div>\n\t\t\t\t<\/div>\n\t\t\t\t\t<\/div>\n\t\t\t\t<\/div>\n\t\t\t\t<\/div>\n\t\t","protected":false},"excerpt":{"rendered":"<p>Garantice el cumplimiento y la calidad de sus proveedores mediante auditor\u00edas de segunda parte personalizadas por RoyalCert.<\/p>\n","protected":false},"author":1,"featured_media":8898,"parent":0,"menu_order":1,"comment_status":"closed","ping_status":"closed","template":"elementor_header_footer","meta":{"_acf_changed":false,"footnotes":""},"class_list":["post-8897","page","type-page","status-publish","has-post-thumbnail","hentry"],"acf":[],"yoast_head":"<!-- This site is optimized with the Yoast SEO Premium plugin v27.4 (Yoast SEO v27.4) - https:\/\/yoast.com\/product\/yoast-seo-premium-wordpress\/ -->\n<title>Second Party Audits and Their Importance in Business - RoyalCert Espa\u00f1ol<\/title>\n<meta name=\"description\" content=\"Dive into the concept of Second Party Audits and discover how they can drive efficiency and accountability in your processes.\" \/>\n<meta name=\"robots\" content=\"index, follow, max-snippet:-1, max-image-preview:large, max-video-preview:-1\" \/>\n<link rel=\"canonical\" href=\"https:\/\/royalcert.com\/es\/auditorias-de-segunda-parte\/\" \/>\n<meta property=\"og:locale\" content=\"es_ES\" \/>\n<meta property=\"og:type\" content=\"article\" \/>\n<meta property=\"og:title\" content=\"Auditor\u00edas de Segunda Parte\" \/>\n<meta property=\"og:description\" content=\"Dive into the concept of Second Party Audits and discover how they can drive efficiency and accountability in your processes.\" \/>\n<meta property=\"og:url\" content=\"https:\/\/royalcert.com\/es\/auditorias-de-segunda-parte\/\" \/>\n<meta property=\"og:site_name\" content=\"RoyalCert Espa\u00f1ol\" \/>\n<meta property=\"article:modified_time\" content=\"2026-03-11T12:59:56+00:00\" \/>\n<meta property=\"og:image\" content=\"https:\/\/royalcert.com\/es\/wp-content\/uploads\/sites\/7\/2025\/07\/second-party-audits-banner-01.webp\" \/>\n\t<meta property=\"og:image:width\" content=\"1987\" \/>\n\t<meta property=\"og:image:height\" content=\"1359\" \/>\n\t<meta property=\"og:image:type\" content=\"image\/webp\" \/>\n<meta name=\"twitter:card\" content=\"summary_large_image\" \/>\n<meta name=\"twitter:label1\" content=\"Tiempo de lectura\" \/>\n\t<meta name=\"twitter:data1\" content=\"1 minuto\" \/>\n<script type=\"application\/ld+json\" class=\"yoast-schema-graph\">{\"@context\":\"https:\\\/\\\/schema.org\",\"@graph\":[{\"@type\":\"WebPage\",\"@id\":\"https:\\\/\\\/royalcert.com\\\/es\\\/auditorias-de-segunda-parte\\\/\",\"url\":\"https:\\\/\\\/royalcert.com\\\/es\\\/auditorias-de-segunda-parte\\\/\",\"name\":\"Second Party Audits and Their Importance in Business - RoyalCert Espa\u00f1ol\",\"isPartOf\":{\"@id\":\"https:\\\/\\\/royalcert.com\\\/es\\\/#website\"},\"primaryImageOfPage\":{\"@id\":\"https:\\\/\\\/royalcert.com\\\/es\\\/auditorias-de-segunda-parte\\\/#primaryimage\"},\"image\":{\"@id\":\"https:\\\/\\\/royalcert.com\\\/es\\\/auditorias-de-segunda-parte\\\/#primaryimage\"},\"thumbnailUrl\":\"https:\\\/\\\/royalcert.com\\\/es\\\/wp-content\\\/uploads\\\/sites\\\/7\\\/2025\\\/07\\\/second-party-audits-banner-01.webp\",\"datePublished\":\"2025-06-26T12:05:28+00:00\",\"dateModified\":\"2026-03-11T12:59:56+00:00\",\"description\":\"Dive into the concept of Second Party Audits and discover how they can drive efficiency and accountability in your processes.\",\"breadcrumb\":{\"@id\":\"https:\\\/\\\/royalcert.com\\\/es\\\/auditorias-de-segunda-parte\\\/#breadcrumb\"},\"inLanguage\":\"es\",\"potentialAction\":[{\"@type\":\"ReadAction\",\"target\":[\"https:\\\/\\\/royalcert.com\\\/es\\\/auditorias-de-segunda-parte\\\/\"]}]},{\"@type\":\"ImageObject\",\"inLanguage\":\"es\",\"@id\":\"https:\\\/\\\/royalcert.com\\\/es\\\/auditorias-de-segunda-parte\\\/#primaryimage\",\"url\":\"https:\\\/\\\/royalcert.com\\\/es\\\/wp-content\\\/uploads\\\/sites\\\/7\\\/2025\\\/07\\\/second-party-audits-banner-01.webp\",\"contentUrl\":\"https:\\\/\\\/royalcert.com\\\/es\\\/wp-content\\\/uploads\\\/sites\\\/7\\\/2025\\\/07\\\/second-party-audits-banner-01.webp\",\"width\":1987,\"height\":1359},{\"@type\":\"BreadcrumbList\",\"@id\":\"https:\\\/\\\/royalcert.com\\\/es\\\/auditorias-de-segunda-parte\\\/#breadcrumb\",\"itemListElement\":[{\"@type\":\"ListItem\",\"position\":1,\"name\":\"Inicio\",\"item\":\"https:\\\/\\\/royalcert.com\\\/es\\\/\"},{\"@type\":\"ListItem\",\"position\":2,\"name\":\"Auditor\u00edas de Segunda Parte\"}]},{\"@type\":\"WebSite\",\"@id\":\"https:\\\/\\\/royalcert.com\\\/es\\\/#website\",\"url\":\"https:\\\/\\\/royalcert.com\\\/es\\\/\",\"name\":\"RoyalCert Espa\u00f1ol\",\"description\":\"Instilling Confidence\",\"publisher\":{\"@id\":\"https:\\\/\\\/royalcert.com\\\/es\\\/#organization\"},\"potentialAction\":[{\"@type\":\"SearchAction\",\"target\":{\"@type\":\"EntryPoint\",\"urlTemplate\":\"https:\\\/\\\/royalcert.com\\\/es\\\/?s={search_term_string}\"},\"query-input\":{\"@type\":\"PropertyValueSpecification\",\"valueRequired\":true,\"valueName\":\"search_term_string\"}}],\"inLanguage\":\"es\"},{\"@type\":\"Organization\",\"@id\":\"https:\\\/\\\/royalcert.com\\\/es\\\/#organization\",\"name\":\"RoyalCert Espa\u00f1ol\",\"url\":\"https:\\\/\\\/royalcert.com\\\/es\\\/\",\"logo\":{\"@type\":\"ImageObject\",\"inLanguage\":\"es\",\"@id\":\"https:\\\/\\\/royalcert.com\\\/es\\\/#\\\/schema\\\/logo\\\/image\\\/\",\"url\":\"https:\\\/\\\/royalcert.com\\\/es\\\/wp-content\\\/uploads\\\/sites\\\/7\\\/2025\\\/06\\\/royalcert-logo-standard.svg\",\"contentUrl\":\"https:\\\/\\\/royalcert.com\\\/es\\\/wp-content\\\/uploads\\\/sites\\\/7\\\/2025\\\/06\\\/royalcert-logo-standard.svg\",\"width\":323,\"height\":323,\"caption\":\"RoyalCert Espa\u00f1ol\"},\"image\":{\"@id\":\"https:\\\/\\\/royalcert.com\\\/es\\\/#\\\/schema\\\/logo\\\/image\\\/\"}}]}<\/script>\n<!-- \/ Yoast SEO Premium plugin. -->","yoast_head_json":{"title":"Second Party Audits and Their Importance in Business - RoyalCert Espa\u00f1ol","description":"Dive into the concept of Second Party Audits and discover how they can drive efficiency and accountability in your processes.","robots":{"index":"index","follow":"follow","max-snippet":"max-snippet:-1","max-image-preview":"max-image-preview:large","max-video-preview":"max-video-preview:-1"},"canonical":"https:\/\/royalcert.com\/es\/auditorias-de-segunda-parte\/","og_locale":"es_ES","og_type":"article","og_title":"Auditor\u00edas de Segunda Parte","og_description":"Dive into the concept of Second Party Audits and discover how they can drive efficiency and accountability in your processes.","og_url":"https:\/\/royalcert.com\/es\/auditorias-de-segunda-parte\/","og_site_name":"RoyalCert Espa\u00f1ol","article_modified_time":"2026-03-11T12:59:56+00:00","og_image":[{"width":1987,"height":1359,"url":"https:\/\/royalcert.com\/es\/wp-content\/uploads\/sites\/7\/2025\/07\/second-party-audits-banner-01.webp","type":"image\/webp"}],"twitter_card":"summary_large_image","twitter_misc":{"Tiempo de lectura":"1 minuto"},"schema":{"@context":"https:\/\/schema.org","@graph":[{"@type":"WebPage","@id":"https:\/\/royalcert.com\/es\/auditorias-de-segunda-parte\/","url":"https:\/\/royalcert.com\/es\/auditorias-de-segunda-parte\/","name":"Second Party Audits and Their Importance in Business - RoyalCert Espa\u00f1ol","isPartOf":{"@id":"https:\/\/royalcert.com\/es\/#website"},"primaryImageOfPage":{"@id":"https:\/\/royalcert.com\/es\/auditorias-de-segunda-parte\/#primaryimage"},"image":{"@id":"https:\/\/royalcert.com\/es\/auditorias-de-segunda-parte\/#primaryimage"},"thumbnailUrl":"https:\/\/royalcert.com\/es\/wp-content\/uploads\/sites\/7\/2025\/07\/second-party-audits-banner-01.webp","datePublished":"2025-06-26T12:05:28+00:00","dateModified":"2026-03-11T12:59:56+00:00","description":"Dive into the concept of Second Party Audits and discover how they can drive efficiency and accountability in your processes.","breadcrumb":{"@id":"https:\/\/royalcert.com\/es\/auditorias-de-segunda-parte\/#breadcrumb"},"inLanguage":"es","potentialAction":[{"@type":"ReadAction","target":["https:\/\/royalcert.com\/es\/auditorias-de-segunda-parte\/"]}]},{"@type":"ImageObject","inLanguage":"es","@id":"https:\/\/royalcert.com\/es\/auditorias-de-segunda-parte\/#primaryimage","url":"https:\/\/royalcert.com\/es\/wp-content\/uploads\/sites\/7\/2025\/07\/second-party-audits-banner-01.webp","contentUrl":"https:\/\/royalcert.com\/es\/wp-content\/uploads\/sites\/7\/2025\/07\/second-party-audits-banner-01.webp","width":1987,"height":1359},{"@type":"BreadcrumbList","@id":"https:\/\/royalcert.com\/es\/auditorias-de-segunda-parte\/#breadcrumb","itemListElement":[{"@type":"ListItem","position":1,"name":"Inicio","item":"https:\/\/royalcert.com\/es\/"},{"@type":"ListItem","position":2,"name":"Auditor\u00edas de Segunda Parte"}]},{"@type":"WebSite","@id":"https:\/\/royalcert.com\/es\/#website","url":"https:\/\/royalcert.com\/es\/","name":"RoyalCert Espa\u00f1ol","description":"Instilling Confidence","publisher":{"@id":"https:\/\/royalcert.com\/es\/#organization"},"potentialAction":[{"@type":"SearchAction","target":{"@type":"EntryPoint","urlTemplate":"https:\/\/royalcert.com\/es\/?s={search_term_string}"},"query-input":{"@type":"PropertyValueSpecification","valueRequired":true,"valueName":"search_term_string"}}],"inLanguage":"es"},{"@type":"Organization","@id":"https:\/\/royalcert.com\/es\/#organization","name":"RoyalCert Espa\u00f1ol","url":"https:\/\/royalcert.com\/es\/","logo":{"@type":"ImageObject","inLanguage":"es","@id":"https:\/\/royalcert.com\/es\/#\/schema\/logo\/image\/","url":"https:\/\/royalcert.com\/es\/wp-content\/uploads\/sites\/7\/2025\/06\/royalcert-logo-standard.svg","contentUrl":"https:\/\/royalcert.com\/es\/wp-content\/uploads\/sites\/7\/2025\/06\/royalcert-logo-standard.svg","width":323,"height":323,"caption":"RoyalCert Espa\u00f1ol"},"image":{"@id":"https:\/\/royalcert.com\/es\/#\/schema\/logo\/image\/"}}]}},"_links":{"self":[{"href":"https:\/\/royalcert.com\/es\/wp-json\/wp\/v2\/pages\/8897","targetHints":{"allow":["GET"]}}],"collection":[{"href":"https:\/\/royalcert.com\/es\/wp-json\/wp\/v2\/pages"}],"about":[{"href":"https:\/\/royalcert.com\/es\/wp-json\/wp\/v2\/types\/page"}],"author":[{"embeddable":true,"href":"https:\/\/royalcert.com\/es\/wp-json\/wp\/v2\/users\/1"}],"replies":[{"embeddable":true,"href":"https:\/\/royalcert.com\/es\/wp-json\/wp\/v2\/comments?post=8897"}],"version-history":[{"count":1,"href":"https:\/\/royalcert.com\/es\/wp-json\/wp\/v2\/pages\/8897\/revisions"}],"predecessor-version":[{"id":8899,"href":"https:\/\/royalcert.com\/es\/wp-json\/wp\/v2\/pages\/8897\/revisions\/8899"}],"wp:featuredmedia":[{"embeddable":true,"href":"https:\/\/royalcert.com\/es\/wp-json\/wp\/v2\/media\/8898"}],"wp:attachment":[{"href":"https:\/\/royalcert.com\/es\/wp-json\/wp\/v2\/media?parent=8897"}],"curies":[{"name":"wp","href":"https:\/\/api.w.org\/{rel}","templated":true}]}}