{"id":8973,"date":"2025-07-28T07:44:01","date_gmt":"2025-07-28T07:44:01","guid":{"rendered":"https:\/\/royalcert.com\/es\/politica-de-cookies\/"},"modified":"2026-03-12T15:43:54","modified_gmt":"2026-03-12T15:43:54","slug":"politica-de-cookies","status":"publish","type":"page","link":"https:\/\/royalcert.com\/es\/politica-de-cookies\/","title":{"rendered":"Pol\u00edtica de cookies"},"content":{"rendered":"\t\t<div data-elementor-type=\"wp-page\" data-elementor-id=\"8973\" class=\"elementor elementor-8973 elementor-3148\" data-elementor-post-type=\"page\">\n\t\t\t\t<div class=\"elementor-element elementor-element-5172d4b e-flex e-con-boxed e-con e-child\" data-id=\"5172d4b\" data-element_type=\"container\" data-e-type=\"container\" data-settings=\"{&quot;background_background&quot;:&quot;classic&quot;}\">\n\t\t\t\t\t<div class=\"e-con-inner\">\n\t\t<div class=\"elementor-element elementor-element-a58b669 e-con-full e-flex e-con e-child\" data-id=\"a58b669\" data-element_type=\"container\" data-e-type=\"container\">\n\t\t<div class=\"elementor-element elementor-element-42e2996 e-con-full e-flex e-con e-child\" data-id=\"42e2996\" data-element_type=\"container\" data-e-type=\"container\">\n\t\t\t\t<div class=\"elementor-element elementor-element-33fe1da elementor-widget elementor-widget-theme-post-title elementor-page-title elementor-widget-heading\" data-id=\"33fe1da\" data-element_type=\"widget\" data-e-type=\"widget\" data-widget_type=\"theme-post-title.default\">\n\t\t\t\t<div class=\"elementor-widget-container\">\n\t\t\t\t\t<h1 class=\"elementor-heading-title elementor-size-default\">Pol\u00edtica de cookies<\/h1>\t\t\t\t<\/div>\n\t\t\t\t<\/div>\n\t\t\t\t<div class=\"elementor-element elementor-element-09b2aef elementor-widget elementor-widget-theme-post-excerpt\" data-id=\"09b2aef\" data-element_type=\"widget\" data-e-type=\"widget\" data-widget_type=\"theme-post-excerpt.default\">\n\t\t\t\t<div class=\"elementor-widget-container\">\n\t\t\t\t\tEsta Pol\u00edtica de Cookies explica c\u00f3mo RoyalCert (la \u201cEmpresa\u201d, \u201cnosotros\u201d, \u201cnos\u201d y \u201cnuestro\u201d) utiliza cookies y tecnolog\u00edas similares para reconocerte cuando visitas nuestros sitios web en [royalcert.com] y sus subdominios (en conjunto, el \u201cSitio Web\u201d). Tambi\u00e9n explica qu\u00e9 son estas tecnolog\u00edas y por qu\u00e9 las utilizamos, as\u00ed como tus derechos para controlar su uso. \t\t\t\t<\/div>\n\t\t\t\t<\/div>\n\t\t\t\t<\/div>\n\t\t\t\t<\/div>\n\t\t<div class=\"elementor-element elementor-element-c6c9e7f e-flex e-con-boxed e-con e-child\" data-id=\"c6c9e7f\" data-element_type=\"container\" data-e-type=\"container\">\n\t\t\t\t\t<div class=\"e-con-inner\">\n\t\t\t\t\t<\/div>\n\t\t\t\t<\/div>\n\t\t\t\t\t<\/div>\n\t\t\t\t<\/div>\n\t\t<div class=\"elementor-element elementor-element-46d222f e-flex e-con-boxed e-con e-parent\" data-id=\"46d222f\" data-element_type=\"container\" data-e-type=\"container\">\n\t\t\t\t\t<div class=\"e-con-inner\">\n\t\t\t\t<div class=\"elementor-element elementor-element-9342a1f elementor-widget elementor-widget-text-editor\" data-id=\"9342a1f\" data-element_type=\"widget\" data-e-type=\"widget\" data-widget_type=\"text-editor.default\">\n\t\t\t\t<div class=\"elementor-widget-container\">\n\t\t\t\t\t\t\t\t\t<h3 data-start=\"785\" data-end=\"809\">1. \u00bfQu\u00e9 son las cookies?<\/h3>\n<p data-start=\"811\" data-end=\"1060\">Las cookies son peque\u00f1os archivos de datos que se almacenan en tu ordenador o dispositivo m\u00f3vil cuando visitas un sitio web. Los propietarios de sitios web las utilizan ampliamente para que sus sitios funcionen correctamente o de forma m\u00e1s eficiente, as\u00ed como para obtener informaci\u00f3n de reporte. <\/p>\n<p data-start=\"1062\" data-end=\"1406\">Las cookies establecidas por el propietario del sitio web (en este caso, RoyalCert) se denominan \u201ccookies propias\u201d. Las cookies establecidas por terceros distintos del propietario del sitio se denominan \u201ccookies de terceros\u201d. Las cookies de terceros permiten ofrecer funciones o funcionalidades de terceros en el sitio web o a trav\u00e9s de \u00e9l (p. ej., publicidad, contenido interactivo y anal\u00edtica).  <\/p>\n<hr data-start=\"1408\" data-end=\"1411\">\n<h3 data-start=\"1413\" data-end=\"1442\">2. \u00bfPor qu\u00e9 utilizamos cookies?<\/h3>\n<p data-start=\"1444\" data-end=\"1746\">Utilizamos cookies propias y de terceros por varios motivos. Algunas cookies son necesarias por razones t\u00e9cnicas para que el Sitio Web funcione: son las cookies estrictamente necesarias. Otras cookies nos permiten analizar y comprender los intereses de los usuarios para mejorar su experiencia en nuestro Sitio Web.  <\/p>\n<p data-start=\"1748\" data-end=\"1780\">En concreto, utilizamos cookies para:<\/p>\n<ul data-start=\"1782\" data-end=\"2006\">\n<li data-start=\"1782\" data-end=\"1823\">\n<p data-start=\"1784\" data-end=\"1823\">Garantizar el correcto funcionamiento del sitio web<\/p>\n<\/li>\n<li data-start=\"1824\" data-end=\"1866\">\n<p data-start=\"1826\" data-end=\"1866\">Comprender y mejorar la experiencia de usuario<\/p>\n<\/li>\n<li data-start=\"1867\" data-end=\"1904\">\n<p data-start=\"1869\" data-end=\"1904\">Analizar el tr\u00e1fico y el uso del sitio web<\/p>\n<\/li>\n<li data-start=\"1905\" data-end=\"1958\">\n<p data-start=\"1907\" data-end=\"1958\">Personalizar contenidos y recordar preferencias del usuario<\/p>\n<\/li>\n<li data-start=\"1959\" data-end=\"2006\">\n<p data-start=\"1961\" data-end=\"2006\">Apoyar campa\u00f1as de marketing y publicidad<\/p>\n<\/li>\n<\/ul>\n<hr data-start=\"2008\" data-end=\"2011\">\n<h3 data-start=\"2013\" data-end=\"2043\">3. Tipos de cookies que utilizamos<\/h3>\n<div class=\"_tableContainer_80l1q_1\">\n<div class=\"_tableWrapper_80l1q_14 group flex w-fit flex-col-reverse\" tabindex=\"-1\">\n<table class=\"w-fit min-w-(--thread-content-width)\" data-start=\"2045\" data-end=\"2648\">\n<thead data-start=\"2045\" data-end=\"2146\">\n<tr data-start=\"2045\" data-end=\"2146\">\nTipo de cookie\n<th data-start=\"2071\" data-end=\"2146\" data-col-size=\"md\"><\/th><th data-start=\"2045\" data-end=\"2071\" data-col-size=\"sm\">Finalidad<\/th>\n<\/tr>\n<\/thead>\n<tbody data-start=\"2248\" data-end=\"2648\">\n<tr data-start=\"2248\" data-end=\"2348\">\n<td data-col-size=\"md\" data-start=\"2273\" data-end=\"2348\">Estrictamente necesarias<\/td>\n<td data-start=\"2248\" data-end=\"2273\" data-col-size=\"sm\">Esenciales para el funcionamiento y la seguridad del sitio web<\/td>\n<\/tr>\n<tr data-start=\"2349\" data-end=\"2448\">\nRendimiento y anal\u00edtica\n<td data-col-size=\"md\" data-start=\"2374\" data-end=\"2448\"><\/td><td data-start=\"2349\" data-end=\"2374\" data-col-size=\"sm\">Nos ayudan a analizar el tr\u00e1fico y mejorar el sitio<\/td>\n<\/tr>\n<tr data-start=\"2449\" data-end=\"2548\">\nFuncionalidad\n<td data-start=\"2449\" data-end=\"2474\" data-col-size=\"sm\"><\/td><td data-col-size=\"md\" data-start=\"2474\" data-end=\"2548\">Recuerdan tus preferencias y configuraci\u00f3n<\/td>\n<\/tr>\n<tr data-start=\"2549\" data-end=\"2648\">\n<td data-start=\"2549\" data-end=\"2574\" data-col-size=\"sm\">Publicidad\/segmentaci\u00f3n<\/td>\n<td data-col-size=\"md\" data-start=\"2574\" data-end=\"2648\">Muestran anuncios relevantes y miden su efectividad<\/td>\n<\/tr>\n<\/tbody>\n<\/table>\n<div class=\"sticky end-(--thread-content-margin) h-0 self-end select-none\">\n<div class=\"absolute end-0 flex items-end\"> <\/div>\n<\/div>\n<\/div>\n<\/div>\n<p data-start=\"2650\" data-end=\"2717\">Puedes consultar la lista completa de cookies en nuestro Panel de Configuraci\u00f3n de Cookies.<\/p>\n<hr data-start=\"2719\" data-end=\"2722\">\n<h3 data-start=\"2724\" data-end=\"2759\">4. \u00bfC\u00f3mo puedes controlar las cookies?<\/h3>\n<p data-start=\"2761\" data-end=\"2948\">Tienes derecho a decidir si aceptas o rechazas las cookies. Puedes ejercer tus derechos configurando tus preferencias en el banner de consentimiento de cookies cuando visites nuestro sitio. <\/p>\n<p data-start=\"2950\" data-end=\"3219\">La mayor\u00eda de los navegadores tambi\u00e9n permiten controlar las cookies mediante su configuraci\u00f3n. Puedes configurar tu navegador para rechazar algunas o todas las cookies, o para avisarte cuando se env\u00eden cookies. Ten en cuenta que desactivar cookies puede afectar a determinadas funcionalidades del Sitio Web.  <\/p>\n<hr data-start=\"3221\" data-end=\"3224\">\n<h3 data-start=\"3226\" data-end=\"3262\">5. Cambios en esta Pol\u00edtica de Cookies<\/h3>\n<p data-start=\"3264\" data-end=\"3489\">Podemos actualizar esta Pol\u00edtica de Cookies ocasionalmente para reflejar cambios en las cookies que utilizamos o por motivos operativos, legales o regulatorios. Te recomendamos revisar esta p\u00e1gina peri\u00f3dicamente para mantenerte informado. <\/p>\n<p data-start=\"3612\" data-end=\"3667\"> <\/p>\t\t\t\t\t\t\t\t<\/div>\n\t\t\t\t<\/div>\n\t\t\t\t\t<\/div>\n\t\t\t\t<\/div>\n\t\t<div class=\"elementor-element elementor-element-0875c5b e-flex e-con-boxed e-con e-parent\" data-id=\"0875c5b\" data-element_type=\"container\" data-e-type=\"container\" data-settings=\"{&quot;background_background&quot;:&quot;classic&quot;}\">\n\t\t\t\t\t<div class=\"e-con-inner\">\n\t\t\t\t<div class=\"elementor-element elementor-element-601c4c4 elementor-widget elementor-widget-heading\" data-id=\"601c4c4\" data-element_type=\"widget\" data-e-type=\"widget\" data-widget_type=\"heading.default\">\n\t\t\t\t<div class=\"elementor-widget-container\">\n\t\t\t\t\t<h1 class=\"elementor-heading-title elementor-size-default\">Cont\u00e1ctanos<\/h1>\t\t\t\t<\/div>\n\t\t\t\t<\/div>\n\t\t\t\t<div class=\"elementor-element elementor-element-d0aa697 elementor-widget elementor-widget-heading\" data-id=\"d0aa697\" data-element_type=\"widget\" data-e-type=\"widget\" data-widget_type=\"heading.default\">\n\t\t\t\t<div class=\"elementor-widget-container\">\n\t\t\t\t\t<h5 class=\"elementor-heading-title elementor-size-default\">Si tienes cualquier duda sobre nuestro uso de cookies o sobre esta Pol\u00edtica de Cookies, cont\u00e1ctanos en:\n\n<\/h5>\t\t\t\t<\/div>\n\t\t\t\t<\/div>\n\t\t\t\t<div class=\"elementor-element elementor-element-8de0207 elementor-widget elementor-widget-button\" data-id=\"8de0207\" data-element_type=\"widget\" data-e-type=\"widget\" data-widget_type=\"button.default\">\n\t\t\t\t<div class=\"elementor-widget-container\">\n\t\t\t\t\t\t\t\t\t<div class=\"elementor-button-wrapper\">\n\t\t\t\t\t<a class=\"elementor-button elementor-button-link elementor-size-sm\" href=\"#\">\n\t\t\t\t\t\t<span class=\"elementor-button-content-wrapper\">\n\t\t\t\t\t\t\t\t\t<span class=\"elementor-button-text\">Contacto<\/span>\n\t\t\t\t\t<\/span>\n\t\t\t\t\t<\/a>\n\t\t\t\t<\/div>\n\t\t\t\t\t\t\t\t<\/div>\n\t\t\t\t<\/div>\n\t\t\t\t\t<\/div>\n\t\t\t\t<\/div>\n\t\t\t\t<\/div>\n\t\t","protected":false},"excerpt":{"rendered":"<p>Esta Pol\u00edtica de Cookies explica c\u00f3mo RoyalCert (la \u201cEmpresa\u201d, \u201cnosotros\u201d, \u201cnos\u201d y \u201cnuestro\u201d) utiliza cookies y tecnolog\u00edas similares para reconocerte cuando visitas nuestros sitios web en [royalcert.com] y sus subdominios (en conjunto, el \u201cSitio Web\u201d). Tambi\u00e9n explica qu\u00e9 son estas tecnolog\u00edas y por qu\u00e9 las utilizamos, as\u00ed como tus derechos para controlar su uso. <\/p>\n","protected":false},"author":1,"featured_media":8708,"parent":0,"menu_order":3,"comment_status":"closed","ping_status":"closed","template":"elementor_header_footer","meta":{"_acf_changed":false,"footnotes":""},"class_list":["post-8973","page","type-page","status-publish","has-post-thumbnail","hentry"],"acf":[],"yoast_head":"<!-- This site is optimized with the Yoast SEO Premium plugin v27.4 (Yoast SEO v27.4) - https:\/\/yoast.com\/product\/yoast-seo-premium-wordpress\/ -->\n<title>Pol\u00edtica de cookies - RoyalCert Espa\u00f1ol<\/title>\n<meta name=\"robots\" content=\"index, follow, max-snippet:-1, max-image-preview:large, max-video-preview:-1\" \/>\n<link rel=\"canonical\" href=\"https:\/\/royalcert.com\/es\/politica-de-cookies\/\" \/>\n<meta property=\"og:locale\" content=\"es_ES\" \/>\n<meta property=\"og:type\" content=\"article\" \/>\n<meta property=\"og:title\" content=\"Pol\u00edtica de cookies\" \/>\n<meta property=\"og:description\" content=\"Esta Pol\u00edtica de Cookies explica c\u00f3mo RoyalCert (la \u201cEmpresa\u201d, \u201cnosotros\u201d, \u201cnos\u201d y \u201cnuestro\u201d) utiliza cookies y tecnolog\u00edas similares para reconocerte cuando visitas nuestros sitios web en [royalcert.com] y sus subdominios (en conjunto, el \u201cSitio Web\u201d). Tambi\u00e9n explica qu\u00e9 son estas tecnolog\u00edas y por qu\u00e9 las utilizamos, as\u00ed como tus derechos para controlar su uso.\" \/>\n<meta property=\"og:url\" content=\"https:\/\/royalcert.com\/es\/politica-de-cookies\/\" \/>\n<meta property=\"og:site_name\" content=\"RoyalCert Espa\u00f1ol\" \/>\n<meta property=\"article:modified_time\" content=\"2026-03-12T15:43:54+00:00\" \/>\n<meta property=\"og:image\" content=\"https:\/\/royalcert.com\/es\/wp-content\/uploads\/sites\/7\/2025\/06\/red-earth-globe-with-illuminated-network-connections-scaled.webp\" \/>\n\t<meta property=\"og:image:width\" content=\"2560\" \/>\n\t<meta property=\"og:image:height\" content=\"921\" \/>\n\t<meta property=\"og:image:type\" content=\"image\/webp\" \/>\n<meta name=\"twitter:card\" content=\"summary_large_image\" \/>\n<meta name=\"twitter:label1\" content=\"Tiempo de lectura\" \/>\n\t<meta name=\"twitter:data1\" content=\"2 minutos\" \/>\n<script type=\"application\/ld+json\" class=\"yoast-schema-graph\">{\"@context\":\"https:\\\/\\\/schema.org\",\"@graph\":[{\"@type\":\"WebPage\",\"@id\":\"https:\\\/\\\/royalcert.com\\\/es\\\/politica-de-cookies\\\/\",\"url\":\"https:\\\/\\\/royalcert.com\\\/es\\\/politica-de-cookies\\\/\",\"name\":\"Pol\u00edtica de cookies - RoyalCert Espa\u00f1ol\",\"isPartOf\":{\"@id\":\"https:\\\/\\\/royalcert.com\\\/es\\\/#website\"},\"primaryImageOfPage\":{\"@id\":\"https:\\\/\\\/royalcert.com\\\/es\\\/politica-de-cookies\\\/#primaryimage\"},\"image\":{\"@id\":\"https:\\\/\\\/royalcert.com\\\/es\\\/politica-de-cookies\\\/#primaryimage\"},\"thumbnailUrl\":\"https:\\\/\\\/royalcert.com\\\/es\\\/wp-content\\\/uploads\\\/sites\\\/7\\\/2025\\\/06\\\/red-earth-globe-with-illuminated-network-connections-scaled.webp\",\"datePublished\":\"2025-07-28T07:44:01+00:00\",\"dateModified\":\"2026-03-12T15:43:54+00:00\",\"breadcrumb\":{\"@id\":\"https:\\\/\\\/royalcert.com\\\/es\\\/politica-de-cookies\\\/#breadcrumb\"},\"inLanguage\":\"es\",\"potentialAction\":[{\"@type\":\"ReadAction\",\"target\":[\"https:\\\/\\\/royalcert.com\\\/es\\\/politica-de-cookies\\\/\"]}]},{\"@type\":\"ImageObject\",\"inLanguage\":\"es\",\"@id\":\"https:\\\/\\\/royalcert.com\\\/es\\\/politica-de-cookies\\\/#primaryimage\",\"url\":\"https:\\\/\\\/royalcert.com\\\/es\\\/wp-content\\\/uploads\\\/sites\\\/7\\\/2025\\\/06\\\/red-earth-globe-with-illuminated-network-connections-scaled.webp\",\"contentUrl\":\"https:\\\/\\\/royalcert.com\\\/es\\\/wp-content\\\/uploads\\\/sites\\\/7\\\/2025\\\/06\\\/red-earth-globe-with-illuminated-network-connections-scaled.webp\",\"width\":2560,\"height\":921},{\"@type\":\"BreadcrumbList\",\"@id\":\"https:\\\/\\\/royalcert.com\\\/es\\\/politica-de-cookies\\\/#breadcrumb\",\"itemListElement\":[{\"@type\":\"ListItem\",\"position\":1,\"name\":\"Inicio\",\"item\":\"https:\\\/\\\/royalcert.com\\\/es\\\/\"},{\"@type\":\"ListItem\",\"position\":2,\"name\":\"Pol\u00edtica de cookies\"}]},{\"@type\":\"WebSite\",\"@id\":\"https:\\\/\\\/royalcert.com\\\/es\\\/#website\",\"url\":\"https:\\\/\\\/royalcert.com\\\/es\\\/\",\"name\":\"RoyalCert Espa\u00f1ol\",\"description\":\"Instilling Confidence\",\"publisher\":{\"@id\":\"https:\\\/\\\/royalcert.com\\\/es\\\/#organization\"},\"potentialAction\":[{\"@type\":\"SearchAction\",\"target\":{\"@type\":\"EntryPoint\",\"urlTemplate\":\"https:\\\/\\\/royalcert.com\\\/es\\\/?s={search_term_string}\"},\"query-input\":{\"@type\":\"PropertyValueSpecification\",\"valueRequired\":true,\"valueName\":\"search_term_string\"}}],\"inLanguage\":\"es\"},{\"@type\":\"Organization\",\"@id\":\"https:\\\/\\\/royalcert.com\\\/es\\\/#organization\",\"name\":\"RoyalCert Espa\u00f1ol\",\"url\":\"https:\\\/\\\/royalcert.com\\\/es\\\/\",\"logo\":{\"@type\":\"ImageObject\",\"inLanguage\":\"es\",\"@id\":\"https:\\\/\\\/royalcert.com\\\/es\\\/#\\\/schema\\\/logo\\\/image\\\/\",\"url\":\"https:\\\/\\\/royalcert.com\\\/es\\\/wp-content\\\/uploads\\\/sites\\\/7\\\/2025\\\/06\\\/royalcert-logo-standard.svg\",\"contentUrl\":\"https:\\\/\\\/royalcert.com\\\/es\\\/wp-content\\\/uploads\\\/sites\\\/7\\\/2025\\\/06\\\/royalcert-logo-standard.svg\",\"width\":323,\"height\":323,\"caption\":\"RoyalCert Espa\u00f1ol\"},\"image\":{\"@id\":\"https:\\\/\\\/royalcert.com\\\/es\\\/#\\\/schema\\\/logo\\\/image\\\/\"}}]}<\/script>\n<!-- \/ Yoast SEO Premium plugin. -->","yoast_head_json":{"title":"Pol\u00edtica de cookies - RoyalCert Espa\u00f1ol","robots":{"index":"index","follow":"follow","max-snippet":"max-snippet:-1","max-image-preview":"max-image-preview:large","max-video-preview":"max-video-preview:-1"},"canonical":"https:\/\/royalcert.com\/es\/politica-de-cookies\/","og_locale":"es_ES","og_type":"article","og_title":"Pol\u00edtica de cookies","og_description":"Esta Pol\u00edtica de Cookies explica c\u00f3mo RoyalCert (la \u201cEmpresa\u201d, \u201cnosotros\u201d, \u201cnos\u201d y \u201cnuestro\u201d) utiliza cookies y tecnolog\u00edas similares para reconocerte cuando visitas nuestros sitios web en [royalcert.com] y sus subdominios (en conjunto, el \u201cSitio Web\u201d). Tambi\u00e9n explica qu\u00e9 son estas tecnolog\u00edas y por qu\u00e9 las utilizamos, as\u00ed como tus derechos para controlar su uso.","og_url":"https:\/\/royalcert.com\/es\/politica-de-cookies\/","og_site_name":"RoyalCert Espa\u00f1ol","article_modified_time":"2026-03-12T15:43:54+00:00","og_image":[{"width":2560,"height":921,"url":"https:\/\/royalcert.com\/es\/wp-content\/uploads\/sites\/7\/2025\/06\/red-earth-globe-with-illuminated-network-connections-scaled.webp","type":"image\/webp"}],"twitter_card":"summary_large_image","twitter_misc":{"Tiempo de lectura":"2 minutos"},"schema":{"@context":"https:\/\/schema.org","@graph":[{"@type":"WebPage","@id":"https:\/\/royalcert.com\/es\/politica-de-cookies\/","url":"https:\/\/royalcert.com\/es\/politica-de-cookies\/","name":"Pol\u00edtica de cookies - RoyalCert Espa\u00f1ol","isPartOf":{"@id":"https:\/\/royalcert.com\/es\/#website"},"primaryImageOfPage":{"@id":"https:\/\/royalcert.com\/es\/politica-de-cookies\/#primaryimage"},"image":{"@id":"https:\/\/royalcert.com\/es\/politica-de-cookies\/#primaryimage"},"thumbnailUrl":"https:\/\/royalcert.com\/es\/wp-content\/uploads\/sites\/7\/2025\/06\/red-earth-globe-with-illuminated-network-connections-scaled.webp","datePublished":"2025-07-28T07:44:01+00:00","dateModified":"2026-03-12T15:43:54+00:00","breadcrumb":{"@id":"https:\/\/royalcert.com\/es\/politica-de-cookies\/#breadcrumb"},"inLanguage":"es","potentialAction":[{"@type":"ReadAction","target":["https:\/\/royalcert.com\/es\/politica-de-cookies\/"]}]},{"@type":"ImageObject","inLanguage":"es","@id":"https:\/\/royalcert.com\/es\/politica-de-cookies\/#primaryimage","url":"https:\/\/royalcert.com\/es\/wp-content\/uploads\/sites\/7\/2025\/06\/red-earth-globe-with-illuminated-network-connections-scaled.webp","contentUrl":"https:\/\/royalcert.com\/es\/wp-content\/uploads\/sites\/7\/2025\/06\/red-earth-globe-with-illuminated-network-connections-scaled.webp","width":2560,"height":921},{"@type":"BreadcrumbList","@id":"https:\/\/royalcert.com\/es\/politica-de-cookies\/#breadcrumb","itemListElement":[{"@type":"ListItem","position":1,"name":"Inicio","item":"https:\/\/royalcert.com\/es\/"},{"@type":"ListItem","position":2,"name":"Pol\u00edtica de cookies"}]},{"@type":"WebSite","@id":"https:\/\/royalcert.com\/es\/#website","url":"https:\/\/royalcert.com\/es\/","name":"RoyalCert Espa\u00f1ol","description":"Instilling Confidence","publisher":{"@id":"https:\/\/royalcert.com\/es\/#organization"},"potentialAction":[{"@type":"SearchAction","target":{"@type":"EntryPoint","urlTemplate":"https:\/\/royalcert.com\/es\/?s={search_term_string}"},"query-input":{"@type":"PropertyValueSpecification","valueRequired":true,"valueName":"search_term_string"}}],"inLanguage":"es"},{"@type":"Organization","@id":"https:\/\/royalcert.com\/es\/#organization","name":"RoyalCert Espa\u00f1ol","url":"https:\/\/royalcert.com\/es\/","logo":{"@type":"ImageObject","inLanguage":"es","@id":"https:\/\/royalcert.com\/es\/#\/schema\/logo\/image\/","url":"https:\/\/royalcert.com\/es\/wp-content\/uploads\/sites\/7\/2025\/06\/royalcert-logo-standard.svg","contentUrl":"https:\/\/royalcert.com\/es\/wp-content\/uploads\/sites\/7\/2025\/06\/royalcert-logo-standard.svg","width":323,"height":323,"caption":"RoyalCert Espa\u00f1ol"},"image":{"@id":"https:\/\/royalcert.com\/es\/#\/schema\/logo\/image\/"}}]}},"_links":{"self":[{"href":"https:\/\/royalcert.com\/es\/wp-json\/wp\/v2\/pages\/8973","targetHints":{"allow":["GET"]}}],"collection":[{"href":"https:\/\/royalcert.com\/es\/wp-json\/wp\/v2\/pages"}],"about":[{"href":"https:\/\/royalcert.com\/es\/wp-json\/wp\/v2\/types\/page"}],"author":[{"embeddable":true,"href":"https:\/\/royalcert.com\/es\/wp-json\/wp\/v2\/users\/1"}],"replies":[{"embeddable":true,"href":"https:\/\/royalcert.com\/es\/wp-json\/wp\/v2\/comments?post=8973"}],"version-history":[{"count":1,"href":"https:\/\/royalcert.com\/es\/wp-json\/wp\/v2\/pages\/8973\/revisions"}],"predecessor-version":[{"id":8974,"href":"https:\/\/royalcert.com\/es\/wp-json\/wp\/v2\/pages\/8973\/revisions\/8974"}],"wp:featuredmedia":[{"embeddable":true,"href":"https:\/\/royalcert.com\/es\/wp-json\/wp\/v2\/media\/8708"}],"wp:attachment":[{"href":"https:\/\/royalcert.com\/es\/wp-json\/wp\/v2\/media?parent=8973"}],"curies":[{"name":"wp","href":"https:\/\/api.w.org\/{rel}","templated":true}]}}