{"id":8975,"date":"2025-07-28T08:13:52","date_gmt":"2025-07-28T08:13:52","guid":{"rendered":"https:\/\/royalcert.com\/es\/terminos-y-condiciones\/"},"modified":"2026-03-13T05:40:28","modified_gmt":"2026-03-13T05:40:28","slug":"terminos-y-condiciones","status":"publish","type":"page","link":"https:\/\/royalcert.com\/es\/terminos-y-condiciones\/","title":{"rendered":"T\u00e9rminos y condiciones"},"content":{"rendered":"\t\t<div data-elementor-type=\"wp-page\" data-elementor-id=\"8975\" class=\"elementor elementor-8975 elementor-3178\" data-elementor-post-type=\"page\">\n\t\t\t\t<div class=\"elementor-element elementor-element-1207da6 e-flex e-con-boxed e-con e-child\" data-id=\"1207da6\" data-element_type=\"container\" data-e-type=\"container\" data-settings=\"{&quot;background_background&quot;:&quot;classic&quot;}\">\n\t\t\t\t\t<div class=\"e-con-inner\">\n\t\t<div class=\"elementor-element elementor-element-3fdecfb e-con-full e-flex e-con e-child\" data-id=\"3fdecfb\" data-element_type=\"container\" data-e-type=\"container\">\n\t\t<div class=\"elementor-element elementor-element-414b62d e-con-full e-flex e-con e-child\" data-id=\"414b62d\" data-element_type=\"container\" data-e-type=\"container\">\n\t\t\t\t<div class=\"elementor-element elementor-element-b82c398 elementor-widget elementor-widget-theme-post-title elementor-page-title elementor-widget-heading\" data-id=\"b82c398\" data-element_type=\"widget\" data-e-type=\"widget\" data-widget_type=\"theme-post-title.default\">\n\t\t\t\t<div class=\"elementor-widget-container\">\n\t\t\t\t\t<h1 class=\"elementor-heading-title elementor-size-default\">T\u00e9rminos y condiciones<\/h1>\t\t\t\t<\/div>\n\t\t\t\t<\/div>\n\t\t\t\t<div class=\"elementor-element elementor-element-92cd18d elementor-widget elementor-widget-theme-post-excerpt\" data-id=\"92cd18d\" data-element_type=\"widget\" data-e-type=\"widget\" data-widget_type=\"theme-post-excerpt.default\">\n\t\t\t\t<div class=\"elementor-widget-container\">\n\t\t\t\t\tBienvenido\/a al sitio web de RoyalCert (el \u201cSitio Web\u201d, \u201cnosotros\u201d, \u201cnuestro\u201d o \u201cnos\u201d). Al acceder o utilizar este Sitio Web ubicado en www.royalcert.com y sus subdominios, aceptas quedar vinculado por los presentes T\u00e9rminos y Condiciones. Si no est\u00e1s de acuerdo con alguna parte de estos t\u00e9rminos, por favor no utilices el Sitio Web.  \t\t\t\t<\/div>\n\t\t\t\t<\/div>\n\t\t\t\t<\/div>\n\t\t\t\t<\/div>\n\t\t<div class=\"elementor-element elementor-element-32d9403 e-flex e-con-boxed e-con e-child\" data-id=\"32d9403\" data-element_type=\"container\" data-e-type=\"container\">\n\t\t\t\t\t<div class=\"e-con-inner\">\n\t\t\t\t\t<\/div>\n\t\t\t\t<\/div>\n\t\t\t\t\t<\/div>\n\t\t\t\t<\/div>\n\t\t<div class=\"elementor-element elementor-element-65ebc04 e-flex e-con-boxed e-con e-parent\" data-id=\"65ebc04\" data-element_type=\"container\" data-e-type=\"container\">\n\t\t\t\t\t<div class=\"e-con-inner\">\n\t\t\t\t<div class=\"elementor-element elementor-element-f892a7d elementor-widget elementor-widget-text-editor\" data-id=\"f892a7d\" data-element_type=\"widget\" data-e-type=\"widget\" data-widget_type=\"text-editor.default\">\n\t\t\t\t<div class=\"elementor-widget-container\">\n\t\t\t\t\t\t\t\t\t<h4 data-start=\"599\" data-end=\"624\"><strong>1. Uso del Sitio Web<\/strong><\/h4><p data-start=\"626\" data-end=\"891\">Aceptas utilizar este Sitio Web \u00fanicamente con fines l\u00edcitos y de manera que no infrinja derechos de terceros, ni restrinja o impida el uso y disfrute del Sitio Web por parte de cualquier otra persona. No podr\u00e1s utilizar este Sitio Web de forma il\u00edcita, fraudulenta o perjudicial. <\/p><hr data-start=\"893\" data-end=\"896\"><h4 data-start=\"898\" data-end=\"926\"><strong>2. Propiedad intelectual<\/strong><\/h4><p data-start=\"928\" data-end=\"1224\">Todo el contenido, logotipos, elementos gr\u00e1ficos, dise\u00f1os, textos, marcas y software del Sitio Web son propiedad intelectual de RoyalCert o de sus licenciantes y est\u00e1n protegidos por la normativa aplicable en materia de derechos de autor y propiedad intelectual. Queda estrictamente prohibido su uso, reproducci\u00f3n o distribuci\u00f3n no autorizados. <\/p><hr data-start=\"1226\" data-end=\"1229\"><h4 data-start=\"1231\" data-end=\"1261\"><strong>3- Limitaci\u00f3n de responsabilidad<\/strong><\/h4><p data-start=\"1263\" data-end=\"1579\">Aunque procuramos asegurar la exactitud y fiabilidad de la informaci\u00f3n publicada en este Sitio Web, no garantizamos que el contenido est\u00e9 libre de errores u omisiones. RoyalCert no ser\u00e1 responsable de da\u00f1os directos, indirectos, incidentales o consecuentes derivados del uso del Sitio Web o de la imposibilidad de utilizarlo. <\/p><hr data-start=\"1581\" data-end=\"1584\"><h4 data-start=\"1586\" data-end=\"1607\"><strong>4. Enlaces externos<\/strong><\/h4><p data-start=\"1609\" data-end=\"1840\">Este Sitio Web puede contener enlaces a sitios web de terceros. Dichos enlaces se facilitan \u00fanicamente por conveniencia. RoyalCert no respalda ni asume responsabilidad alguna por el contenido, exactitud o seguridad de sitios web de terceros.  <\/p><hr data-start=\"1842\" data-end=\"1845\"><h4 data-start=\"1847\" data-end=\"1879\"><strong>5. Privacidad y protecci\u00f3n de datos<\/strong><\/h4><p data-start=\"1881\" data-end=\"2074\">Tu privacidad es importante para nosotros. Consulta nuestra Pol\u00edtica de Privacidad para entender c\u00f3mo recopilamos, utilizamos y protegemos tus datos personales, en cumplimiento del RGPD y dem\u00e1s normativa aplicable. <\/p><hr data-start=\"2076\" data-end=\"2079\"><h4 data-start=\"2081\" data-end=\"2095\"><strong>6. Cookies<\/strong><\/h4><p data-start=\"2097\" data-end=\"2261\">El uso de cookies y tecnolog\u00edas similares se rige por nuestra Pol\u00edtica de Cookies. Al utilizar el Sitio Web, consientes el uso de cookies conforme a lo descrito en dicha pol\u00edtica. <\/p><hr data-start=\"2263\" data-end=\"2266\"><h4 data-start=\"2268\" data-end=\"2297\"><strong>7. Modificaciones de los t\u00e9rminos<\/strong><\/h4><p data-start=\"2299\" data-end=\"2498\">Nos reservamos el derecho a actualizar o modificar estos T\u00e9rminos y Condiciones en cualquier momento y sin previo aviso. El uso continuado del Sitio Web tras dichas modificaciones implica la aceptaci\u00f3n de los nuevos t\u00e9rminos. <\/p><hr data-start=\"2500\" data-end=\"2503\"><h4 data-start=\"2505\" data-end=\"2525\"><strong>8. Legislaci\u00f3n aplicable<\/strong><\/h4><p data-start=\"2527\" data-end=\"2709\">Estos T\u00e9rminos se regir\u00e1n e interpretar\u00e1n de conformidad con las leyes de la jurisdicci\u00f3n donde RoyalCert tenga su sede, sin atender a sus disposiciones sobre conflicto de leyes.<\/p>\t\t\t\t\t\t\t\t<\/div>\n\t\t\t\t<\/div>\n\t\t\t\t\t<\/div>\n\t\t\t\t<\/div>\n\t\t<div class=\"elementor-element elementor-element-cc906ba e-flex e-con-boxed e-con e-parent\" data-id=\"cc906ba\" data-element_type=\"container\" data-e-type=\"container\" data-settings=\"{&quot;background_background&quot;:&quot;classic&quot;}\">\n\t\t\t\t\t<div class=\"e-con-inner\">\n\t\t\t\t<div class=\"elementor-element elementor-element-9c2a20b elementor-widget elementor-widget-heading\" data-id=\"9c2a20b\" data-element_type=\"widget\" data-e-type=\"widget\" data-widget_type=\"heading.default\">\n\t\t\t\t<div class=\"elementor-widget-container\">\n\t\t\t\t\t<h1 class=\"elementor-heading-title elementor-size-default\">Cont\u00e1ctanos<\/h1>\t\t\t\t<\/div>\n\t\t\t\t<\/div>\n\t\t\t\t<div class=\"elementor-element elementor-element-bb3cf3d elementor-widget elementor-widget-heading\" data-id=\"bb3cf3d\" data-element_type=\"widget\" data-e-type=\"widget\" data-widget_type=\"heading.default\">\n\t\t\t\t<div class=\"elementor-widget-container\">\n\t\t\t\t\t<h5 class=\"elementor-heading-title elementor-size-default\">Si tienes cualquier pregunta o inquietud sobre estos T\u00e9rminos y Condiciones, cont\u00e1ctanos en:\n<\/h5>\t\t\t\t<\/div>\n\t\t\t\t<\/div>\n\t\t\t\t<div class=\"elementor-element elementor-element-61202e8 elementor-widget elementor-widget-button\" data-id=\"61202e8\" data-element_type=\"widget\" data-e-type=\"widget\" data-widget_type=\"button.default\">\n\t\t\t\t<div class=\"elementor-widget-container\">\n\t\t\t\t\t\t\t\t\t<div class=\"elementor-button-wrapper\">\n\t\t\t\t\t<a class=\"elementor-button elementor-button-link elementor-size-sm\" href=\"#\">\n\t\t\t\t\t\t<span class=\"elementor-button-content-wrapper\">\n\t\t\t\t\t\t\t\t\t<span class=\"elementor-button-text\">Contacto<\/span>\n\t\t\t\t\t<\/span>\n\t\t\t\t\t<\/a>\n\t\t\t\t<\/div>\n\t\t\t\t\t\t\t\t<\/div>\n\t\t\t\t<\/div>\n\t\t\t\t\t<\/div>\n\t\t\t\t<\/div>\n\t\t\t\t<\/div>\n\t\t","protected":false},"excerpt":{"rendered":"<p>Bienvenido\/a al sitio web de RoyalCert (el \u201cSitio Web\u201d, \u201cnosotros\u201d, \u201cnuestro\u201d o \u201cnos\u201d). Al acceder o utilizar este Sitio Web ubicado en www.royalcert.com y sus subdominios, aceptas quedar vinculado por los presentes T\u00e9rminos y Condiciones. Si no est\u00e1s de acuerdo con alguna parte de estos t\u00e9rminos, por favor no utilices el Sitio Web.  <\/p>\n","protected":false},"author":1,"featured_media":8708,"parent":0,"menu_order":7,"comment_status":"closed","ping_status":"closed","template":"elementor_header_footer","meta":{"_acf_changed":false,"footnotes":""},"class_list":["post-8975","page","type-page","status-publish","has-post-thumbnail","hentry"],"acf":[],"yoast_head":"<!-- This site is optimized with the Yoast SEO Premium plugin v27.4 (Yoast SEO v27.4) - https:\/\/yoast.com\/product\/yoast-seo-premium-wordpress\/ -->\n<title>T\u00e9rminos y condiciones - RoyalCert Espa\u00f1ol<\/title>\n<meta name=\"robots\" content=\"index, follow, max-snippet:-1, max-image-preview:large, max-video-preview:-1\" \/>\n<link rel=\"canonical\" href=\"https:\/\/royalcert.com\/es\/terminos-y-condiciones\/\" \/>\n<meta property=\"og:locale\" content=\"es_ES\" \/>\n<meta property=\"og:type\" content=\"article\" \/>\n<meta property=\"og:title\" content=\"T\u00e9rminos y condiciones\" \/>\n<meta property=\"og:description\" content=\"Bienvenido\/a al sitio web de RoyalCert (el \u201cSitio Web\u201d, \u201cnosotros\u201d, \u201cnuestro\u201d o \u201cnos\u201d). Al acceder o utilizar este Sitio Web ubicado en www.royalcert.com y sus subdominios, aceptas quedar vinculado por los presentes T\u00e9rminos y Condiciones. Si no est\u00e1s de acuerdo con alguna parte de estos t\u00e9rminos, por favor no utilices el Sitio Web.\" \/>\n<meta property=\"og:url\" content=\"https:\/\/royalcert.com\/es\/terminos-y-condiciones\/\" \/>\n<meta property=\"og:site_name\" content=\"RoyalCert Espa\u00f1ol\" \/>\n<meta property=\"article:modified_time\" content=\"2026-03-13T05:40:28+00:00\" \/>\n<meta property=\"og:image\" content=\"https:\/\/royalcert.com\/es\/wp-content\/uploads\/sites\/7\/2025\/06\/red-earth-globe-with-illuminated-network-connections-scaled.webp\" \/>\n\t<meta property=\"og:image:width\" content=\"2560\" \/>\n\t<meta property=\"og:image:height\" content=\"921\" \/>\n\t<meta property=\"og:image:type\" content=\"image\/webp\" \/>\n<meta name=\"twitter:card\" content=\"summary_large_image\" \/>\n<meta name=\"twitter:label1\" content=\"Tiempo de lectura\" \/>\n\t<meta name=\"twitter:data1\" content=\"2 minutos\" \/>\n<script type=\"application\/ld+json\" class=\"yoast-schema-graph\">{\"@context\":\"https:\\\/\\\/schema.org\",\"@graph\":[{\"@type\":\"WebPage\",\"@id\":\"https:\\\/\\\/royalcert.com\\\/es\\\/terminos-y-condiciones\\\/\",\"url\":\"https:\\\/\\\/royalcert.com\\\/es\\\/terminos-y-condiciones\\\/\",\"name\":\"T\u00e9rminos y condiciones - RoyalCert Espa\u00f1ol\",\"isPartOf\":{\"@id\":\"https:\\\/\\\/royalcert.com\\\/es\\\/#website\"},\"primaryImageOfPage\":{\"@id\":\"https:\\\/\\\/royalcert.com\\\/es\\\/terminos-y-condiciones\\\/#primaryimage\"},\"image\":{\"@id\":\"https:\\\/\\\/royalcert.com\\\/es\\\/terminos-y-condiciones\\\/#primaryimage\"},\"thumbnailUrl\":\"https:\\\/\\\/royalcert.com\\\/es\\\/wp-content\\\/uploads\\\/sites\\\/7\\\/2025\\\/06\\\/red-earth-globe-with-illuminated-network-connections-scaled.webp\",\"datePublished\":\"2025-07-28T08:13:52+00:00\",\"dateModified\":\"2026-03-13T05:40:28+00:00\",\"breadcrumb\":{\"@id\":\"https:\\\/\\\/royalcert.com\\\/es\\\/terminos-y-condiciones\\\/#breadcrumb\"},\"inLanguage\":\"es\",\"potentialAction\":[{\"@type\":\"ReadAction\",\"target\":[\"https:\\\/\\\/royalcert.com\\\/es\\\/terminos-y-condiciones\\\/\"]}]},{\"@type\":\"ImageObject\",\"inLanguage\":\"es\",\"@id\":\"https:\\\/\\\/royalcert.com\\\/es\\\/terminos-y-condiciones\\\/#primaryimage\",\"url\":\"https:\\\/\\\/royalcert.com\\\/es\\\/wp-content\\\/uploads\\\/sites\\\/7\\\/2025\\\/06\\\/red-earth-globe-with-illuminated-network-connections-scaled.webp\",\"contentUrl\":\"https:\\\/\\\/royalcert.com\\\/es\\\/wp-content\\\/uploads\\\/sites\\\/7\\\/2025\\\/06\\\/red-earth-globe-with-illuminated-network-connections-scaled.webp\",\"width\":2560,\"height\":921},{\"@type\":\"BreadcrumbList\",\"@id\":\"https:\\\/\\\/royalcert.com\\\/es\\\/terminos-y-condiciones\\\/#breadcrumb\",\"itemListElement\":[{\"@type\":\"ListItem\",\"position\":1,\"name\":\"Inicio\",\"item\":\"https:\\\/\\\/royalcert.com\\\/es\\\/\"},{\"@type\":\"ListItem\",\"position\":2,\"name\":\"T\u00e9rminos y condiciones\"}]},{\"@type\":\"WebSite\",\"@id\":\"https:\\\/\\\/royalcert.com\\\/es\\\/#website\",\"url\":\"https:\\\/\\\/royalcert.com\\\/es\\\/\",\"name\":\"RoyalCert Espa\u00f1ol\",\"description\":\"Instilling Confidence\",\"publisher\":{\"@id\":\"https:\\\/\\\/royalcert.com\\\/es\\\/#organization\"},\"potentialAction\":[{\"@type\":\"SearchAction\",\"target\":{\"@type\":\"EntryPoint\",\"urlTemplate\":\"https:\\\/\\\/royalcert.com\\\/es\\\/?s={search_term_string}\"},\"query-input\":{\"@type\":\"PropertyValueSpecification\",\"valueRequired\":true,\"valueName\":\"search_term_string\"}}],\"inLanguage\":\"es\"},{\"@type\":\"Organization\",\"@id\":\"https:\\\/\\\/royalcert.com\\\/es\\\/#organization\",\"name\":\"RoyalCert Espa\u00f1ol\",\"url\":\"https:\\\/\\\/royalcert.com\\\/es\\\/\",\"logo\":{\"@type\":\"ImageObject\",\"inLanguage\":\"es\",\"@id\":\"https:\\\/\\\/royalcert.com\\\/es\\\/#\\\/schema\\\/logo\\\/image\\\/\",\"url\":\"https:\\\/\\\/royalcert.com\\\/es\\\/wp-content\\\/uploads\\\/sites\\\/7\\\/2025\\\/06\\\/royalcert-logo-standard.svg\",\"contentUrl\":\"https:\\\/\\\/royalcert.com\\\/es\\\/wp-content\\\/uploads\\\/sites\\\/7\\\/2025\\\/06\\\/royalcert-logo-standard.svg\",\"width\":323,\"height\":323,\"caption\":\"RoyalCert Espa\u00f1ol\"},\"image\":{\"@id\":\"https:\\\/\\\/royalcert.com\\\/es\\\/#\\\/schema\\\/logo\\\/image\\\/\"}}]}<\/script>\n<!-- \/ Yoast SEO Premium plugin. -->","yoast_head_json":{"title":"T\u00e9rminos y condiciones - RoyalCert Espa\u00f1ol","robots":{"index":"index","follow":"follow","max-snippet":"max-snippet:-1","max-image-preview":"max-image-preview:large","max-video-preview":"max-video-preview:-1"},"canonical":"https:\/\/royalcert.com\/es\/terminos-y-condiciones\/","og_locale":"es_ES","og_type":"article","og_title":"T\u00e9rminos y condiciones","og_description":"Bienvenido\/a al sitio web de RoyalCert (el \u201cSitio Web\u201d, \u201cnosotros\u201d, \u201cnuestro\u201d o \u201cnos\u201d). Al acceder o utilizar este Sitio Web ubicado en www.royalcert.com y sus subdominios, aceptas quedar vinculado por los presentes T\u00e9rminos y Condiciones. Si no est\u00e1s de acuerdo con alguna parte de estos t\u00e9rminos, por favor no utilices el Sitio Web.","og_url":"https:\/\/royalcert.com\/es\/terminos-y-condiciones\/","og_site_name":"RoyalCert Espa\u00f1ol","article_modified_time":"2026-03-13T05:40:28+00:00","og_image":[{"width":2560,"height":921,"url":"https:\/\/royalcert.com\/es\/wp-content\/uploads\/sites\/7\/2025\/06\/red-earth-globe-with-illuminated-network-connections-scaled.webp","type":"image\/webp"}],"twitter_card":"summary_large_image","twitter_misc":{"Tiempo de lectura":"2 minutos"},"schema":{"@context":"https:\/\/schema.org","@graph":[{"@type":"WebPage","@id":"https:\/\/royalcert.com\/es\/terminos-y-condiciones\/","url":"https:\/\/royalcert.com\/es\/terminos-y-condiciones\/","name":"T\u00e9rminos y condiciones - RoyalCert Espa\u00f1ol","isPartOf":{"@id":"https:\/\/royalcert.com\/es\/#website"},"primaryImageOfPage":{"@id":"https:\/\/royalcert.com\/es\/terminos-y-condiciones\/#primaryimage"},"image":{"@id":"https:\/\/royalcert.com\/es\/terminos-y-condiciones\/#primaryimage"},"thumbnailUrl":"https:\/\/royalcert.com\/es\/wp-content\/uploads\/sites\/7\/2025\/06\/red-earth-globe-with-illuminated-network-connections-scaled.webp","datePublished":"2025-07-28T08:13:52+00:00","dateModified":"2026-03-13T05:40:28+00:00","breadcrumb":{"@id":"https:\/\/royalcert.com\/es\/terminos-y-condiciones\/#breadcrumb"},"inLanguage":"es","potentialAction":[{"@type":"ReadAction","target":["https:\/\/royalcert.com\/es\/terminos-y-condiciones\/"]}]},{"@type":"ImageObject","inLanguage":"es","@id":"https:\/\/royalcert.com\/es\/terminos-y-condiciones\/#primaryimage","url":"https:\/\/royalcert.com\/es\/wp-content\/uploads\/sites\/7\/2025\/06\/red-earth-globe-with-illuminated-network-connections-scaled.webp","contentUrl":"https:\/\/royalcert.com\/es\/wp-content\/uploads\/sites\/7\/2025\/06\/red-earth-globe-with-illuminated-network-connections-scaled.webp","width":2560,"height":921},{"@type":"BreadcrumbList","@id":"https:\/\/royalcert.com\/es\/terminos-y-condiciones\/#breadcrumb","itemListElement":[{"@type":"ListItem","position":1,"name":"Inicio","item":"https:\/\/royalcert.com\/es\/"},{"@type":"ListItem","position":2,"name":"T\u00e9rminos y condiciones"}]},{"@type":"WebSite","@id":"https:\/\/royalcert.com\/es\/#website","url":"https:\/\/royalcert.com\/es\/","name":"RoyalCert Espa\u00f1ol","description":"Instilling Confidence","publisher":{"@id":"https:\/\/royalcert.com\/es\/#organization"},"potentialAction":[{"@type":"SearchAction","target":{"@type":"EntryPoint","urlTemplate":"https:\/\/royalcert.com\/es\/?s={search_term_string}"},"query-input":{"@type":"PropertyValueSpecification","valueRequired":true,"valueName":"search_term_string"}}],"inLanguage":"es"},{"@type":"Organization","@id":"https:\/\/royalcert.com\/es\/#organization","name":"RoyalCert Espa\u00f1ol","url":"https:\/\/royalcert.com\/es\/","logo":{"@type":"ImageObject","inLanguage":"es","@id":"https:\/\/royalcert.com\/es\/#\/schema\/logo\/image\/","url":"https:\/\/royalcert.com\/es\/wp-content\/uploads\/sites\/7\/2025\/06\/royalcert-logo-standard.svg","contentUrl":"https:\/\/royalcert.com\/es\/wp-content\/uploads\/sites\/7\/2025\/06\/royalcert-logo-standard.svg","width":323,"height":323,"caption":"RoyalCert Espa\u00f1ol"},"image":{"@id":"https:\/\/royalcert.com\/es\/#\/schema\/logo\/image\/"}}]}},"_links":{"self":[{"href":"https:\/\/royalcert.com\/es\/wp-json\/wp\/v2\/pages\/8975","targetHints":{"allow":["GET"]}}],"collection":[{"href":"https:\/\/royalcert.com\/es\/wp-json\/wp\/v2\/pages"}],"about":[{"href":"https:\/\/royalcert.com\/es\/wp-json\/wp\/v2\/types\/page"}],"author":[{"embeddable":true,"href":"https:\/\/royalcert.com\/es\/wp-json\/wp\/v2\/users\/1"}],"replies":[{"embeddable":true,"href":"https:\/\/royalcert.com\/es\/wp-json\/wp\/v2\/comments?post=8975"}],"version-history":[{"count":1,"href":"https:\/\/royalcert.com\/es\/wp-json\/wp\/v2\/pages\/8975\/revisions"}],"predecessor-version":[{"id":8976,"href":"https:\/\/royalcert.com\/es\/wp-json\/wp\/v2\/pages\/8975\/revisions\/8976"}],"wp:featuredmedia":[{"embeddable":true,"href":"https:\/\/royalcert.com\/es\/wp-json\/wp\/v2\/media\/8708"}],"wp:attachment":[{"href":"https:\/\/royalcert.com\/es\/wp-json\/wp\/v2\/media?parent=8975"}],"curies":[{"name":"wp","href":"https:\/\/api.w.org\/{rel}","templated":true}]}}