{"id":8977,"date":"2025-07-28T08:25:00","date_gmt":"2025-07-28T08:25:00","guid":{"rendered":"https:\/\/royalcert.com\/es\/politica-de-privacidad\/"},"modified":"2026-03-13T06:52:15","modified_gmt":"2026-03-13T06:52:15","slug":"politica-de-privacidad","status":"publish","type":"page","link":"https:\/\/royalcert.com\/es\/politica-de-privacidad\/","title":{"rendered":"Pol\u00edtica de privacidad"},"content":{"rendered":"\t\t<div data-elementor-type=\"wp-page\" data-elementor-id=\"8977\" class=\"elementor elementor-8977 elementor-3192\" data-elementor-post-type=\"page\">\n\t\t\t\t<div class=\"elementor-element elementor-element-dd7e854 e-flex e-con-boxed e-con e-child\" data-id=\"dd7e854\" data-element_type=\"container\" data-e-type=\"container\" data-settings=\"{&quot;background_background&quot;:&quot;classic&quot;}\">\n\t\t\t\t\t<div class=\"e-con-inner\">\n\t\t<div class=\"elementor-element elementor-element-b5acd0d e-con-full e-flex e-con e-child\" data-id=\"b5acd0d\" data-element_type=\"container\" data-e-type=\"container\">\n\t\t<div class=\"elementor-element elementor-element-5e44206 e-con-full e-flex e-con e-child\" data-id=\"5e44206\" data-element_type=\"container\" data-e-type=\"container\">\n\t\t\t\t<div class=\"elementor-element elementor-element-4433c75 elementor-widget elementor-widget-theme-post-title elementor-page-title elementor-widget-heading\" data-id=\"4433c75\" data-element_type=\"widget\" data-e-type=\"widget\" data-widget_type=\"theme-post-title.default\">\n\t\t\t\t<div class=\"elementor-widget-container\">\n\t\t\t\t\t<h1 class=\"elementor-heading-title elementor-size-default\">Pol\u00edtica de privacidad<\/h1>\t\t\t\t<\/div>\n\t\t\t\t<\/div>\n\t\t\t\t<div class=\"elementor-element elementor-element-b08d575 elementor-widget elementor-widget-theme-post-excerpt\" data-id=\"b08d575\" data-element_type=\"widget\" data-e-type=\"widget\" data-widget_type=\"theme-post-excerpt.default\">\n\t\t\t\t<div class=\"elementor-widget-container\">\n\t\t\t\t\tFecha de entrada en vigor: 28 de julio de 2025\n\nEn RoyalCert, estamos comprometidos con la protecci\u00f3n de tus datos personales y el respeto a tu privacidad. Esta Pol\u00edtica de Privacidad explica c\u00f3mo recopilamos, utilizamos, almacenamos y protegemos tu informaci\u00f3n personal cuando visitas nuestro sitio web www.royalcert.com y sus subdominios (en conjunto, el \u201cSitio Web\u201d). \t\t\t\t<\/div>\n\t\t\t\t<\/div>\n\t\t\t\t<\/div>\n\t\t\t\t<\/div>\n\t\t<div class=\"elementor-element elementor-element-3cbce19 e-flex e-con-boxed e-con e-child\" data-id=\"3cbce19\" data-element_type=\"container\" data-e-type=\"container\">\n\t\t\t\t\t<div class=\"e-con-inner\">\n\t\t\t\t\t<\/div>\n\t\t\t\t<\/div>\n\t\t\t\t\t<\/div>\n\t\t\t\t<\/div>\n\t\t<div class=\"elementor-element elementor-element-a6aa7ee e-flex e-con-boxed e-con e-parent\" data-id=\"a6aa7ee\" data-element_type=\"container\" data-e-type=\"container\">\n\t\t\t\t\t<div class=\"e-con-inner\">\n\t\t\t\t<div class=\"elementor-element elementor-element-9a5b7da elementor-widget elementor-widget-text-editor\" data-id=\"9a5b7da\" data-element_type=\"widget\" data-e-type=\"widget\" data-widget_type=\"text-editor.default\">\n\t\t\t\t<div class=\"elementor-widget-container\">\n\t\t\t\t\t\t\t\t\t<h3 data-start=\"649\" data-end=\"666\">1. Qui\u00e9nes somos<\/h3><p data-start=\"668\" data-end=\"906\">RoyalCert International Registrars GmbH es un organismo global de certificaci\u00f3n e inspecci\u00f3n. Esta Pol\u00edtica de Privacidad se aplica a todos los datos recopilados por RoyalCert y sus entidades afiliadas a trav\u00e9s del Sitio Web, sus servicios, formularios de contacto o comunicaciones por correo electr\u00f3nico. <\/p><p data-start=\"908\" data-end=\"994\">Para cualquier consulta relacionada con privacidad, puedes contactarnos en:<br data-start=\"963\" data-end=\"966\">\ud83d\udce7 <strong data-start=\"969\" data-end=\"994\"><a class=\"cursor-pointer\" rel=\"noopener\" data-start=\"971\" data-end=\"992\">privacy@royalcert.com\/es<\/a><\/strong><\/p><hr data-start=\"996\" data-end=\"999\"><h3 data-start=\"1001\" data-end=\"1037\">2. Qu\u00e9 datos personales recopilamos<\/h3><p data-start=\"1039\" data-end=\"1108\">Podemos recopilar y tratar las siguientes categor\u00edas de datos personales:<\/p><ul data-start=\"1110\" data-end=\"1473\"><li data-start=\"1110\" data-end=\"1170\"><p data-start=\"1112\" data-end=\"1170\">Datos de identificaci\u00f3n (nombre, empresa, cargo)<\/p><\/li><li data-start=\"1171\" data-end=\"1226\"><p data-start=\"1173\" data-end=\"1226\">Datos de contacto (correo electr\u00f3nico, tel\u00e9fono)<\/p><\/li><li data-start=\"1227\" data-end=\"1276\"><p data-start=\"1229\" data-end=\"1276\">Datos de ubicaci\u00f3n (pa\u00eds, direcci\u00f3n IP)<\/p><\/li><li data-start=\"1277\" data-end=\"1346\"><p data-start=\"1279\" data-end=\"1346\">Datos t\u00e9cnicos (tipo de navegador, dispositivo, sistema operativo)<\/p><\/li><li data-start=\"1347\" data-end=\"1414\"><p data-start=\"1349\" data-end=\"1414\">Datos de uso (p\u00e1ginas visitadas, tiempo de permanencia en el Sitio Web)<\/p><\/li><li data-start=\"1415\" data-end=\"1473\"><p data-start=\"1417\" data-end=\"1473\">Datos de consultas (mensajes enviados mediante formularios de contacto)<\/p><\/li><\/ul><hr data-start=\"1475\" data-end=\"1478\"><h3 data-start=\"1480\" data-end=\"1511\">3. C\u00f3mo recopilamos tus datos<\/h3><p data-start=\"1513\" data-end=\"1556\">Recopilamos tus datos de las siguientes formas:<\/p><ul data-start=\"1558\" data-end=\"1795\"><li data-start=\"1558\" data-end=\"1604\"><p data-start=\"1560\" data-end=\"1604\">Cuando nos contactas mediante formularios o correo electr\u00f3nico<\/p><\/li><li data-start=\"1605\" data-end=\"1657\"><p data-start=\"1607\" data-end=\"1657\">Cuando te suscribes a newsletters o actualizaciones<\/p><\/li><li data-start=\"1658\" data-end=\"1727\"><p data-start=\"1660\" data-end=\"1727\">Cuando interact\u00faas con el Sitio Web (cookies, herramientas de anal\u00edtica)<\/p><\/li><li data-start=\"1728\" data-end=\"1795\"><p data-start=\"1730\" data-end=\"1795\">Cuando utilizas nuestros servicios o solicitas informaci\u00f3n sobre ellos<\/p><\/li><\/ul><hr data-start=\"1797\" data-end=\"1800\"><h3 data-start=\"1802\" data-end=\"1833\">4. Para qu\u00e9 usamos tus datos<\/h3><p data-start=\"1835\" data-end=\"1855\">Utilizamos tus datos para:<\/p><ul data-start=\"1857\" data-end=\"2135\"><li data-start=\"1857\" data-end=\"1898\"><p data-start=\"1859\" data-end=\"1898\">Responder a tus consultas o solicitudes<\/p><\/li><li data-start=\"1899\" data-end=\"1959\"><p data-start=\"1901\" data-end=\"1959\">Prestar nuestros servicios y cumplir obligaciones contractuales<\/p><\/li><li data-start=\"1960\" data-end=\"2020\"><p data-start=\"1962\" data-end=\"2020\">Enviar actualizaciones importantes o newsletters (con tu consentimiento)<\/p><\/li><li data-start=\"2021\" data-end=\"2074\"><p data-start=\"2023\" data-end=\"2074\">Analizar el uso del sitio y mejorar la experiencia de usuario<\/p><\/li><li data-start=\"2075\" data-end=\"2135\"><p data-start=\"2077\" data-end=\"2135\">Garantizar la seguridad, el cumplimiento y el correcto funcionamiento t\u00e9cnico<\/p><\/li><\/ul><hr data-start=\"2137\" data-end=\"2140\"><h3 data-start=\"2142\" data-end=\"2175\">5. Base legal del tratamiento<\/h3><p data-start=\"2177\" data-end=\"2244\">Tratamos tus datos personales en base a:<\/p><ul data-start=\"2246\" data-end=\"2501\"><li data-start=\"2246\" data-end=\"2303\"><p data-start=\"2248\" data-end=\"2303\">Tu consentimiento (p. ej., comunicaciones comerciales)<\/p><\/li><li data-start=\"2304\" data-end=\"2375\"><p data-start=\"2306\" data-end=\"2375\">Necesidad contractual (comunicaciones relacionadas con el servicio)<\/p><\/li><li data-start=\"2376\" data-end=\"2433\"><p data-start=\"2378\" data-end=\"2433\">Obligaciones legales (requisitos regulatorios)<\/p><\/li><li data-start=\"2434\" data-end=\"2501\"><p data-start=\"2436\" data-end=\"2501\">Inter\u00e9s leg\u00edtimo (mejora y seguridad)<\/p><\/li><\/ul><hr data-start=\"2503\" data-end=\"2506\"><h3 data-start=\"2508\" data-end=\"2542\">6. Durante cu\u00e1nto tiempo conservamos tus datos<\/h3><p data-start=\"2544\" data-end=\"2738\">Conservamos los datos personales solo durante el tiempo necesario para las finalidades indicadas en esta pol\u00edtica o para cumplir obligaciones legales y regulatorias. Posteriormente, los datos podr\u00e1n anonimizarse o eliminarse. <\/p><hr data-start=\"2740\" data-end=\"2743\"><h3 data-start=\"2745\" data-end=\"2769\">7. Cesi\u00f3n y comunicaci\u00f3n de datos<\/h3><p data-start=\"2771\" data-end=\"2831\">No vendemos tus datos. No obstante, podemos compartirlos con: <\/p><ul data-start=\"2833\" data-end=\"3012\"><li data-start=\"2833\" data-end=\"2882\"><p data-start=\"2835\" data-end=\"2882\">Oficinas y delegaciones afiliadas de RoyalCert<\/p><\/li><li data-start=\"2883\" data-end=\"2959\"><p data-start=\"2885\" data-end=\"2959\">Partners y proveedores de servicios autorizados<\/p><\/li><li data-start=\"2960\" data-end=\"3012\"><p data-start=\"2962\" data-end=\"3012\">Autoridades regulatorias cuando sea legalmente requerido<\/p><\/li><\/ul><p data-start=\"3014\" data-end=\"3091\">Todas las transferencias se realizan conforme a los est\u00e1ndares de seguridad y cumplimiento exigibles.<\/p><hr data-start=\"3093\" data-end=\"3096\"><h3 data-start=\"3098\" data-end=\"3127\">8. Tus derechos conforme al RGPD<\/h3><p data-start=\"3129\" data-end=\"3178\">Tienes los siguientes derechos:<\/p><ul data-start=\"3180\" data-end=\"3410\"><li data-start=\"3180\" data-end=\"3209\"><p data-start=\"3182\" data-end=\"3209\">Derecho de acceso<\/p><\/li><li data-start=\"3210\" data-end=\"3245\"><p data-start=\"3212\" data-end=\"3245\">Right to rectify incorrect data<\/p><\/li><li data-start=\"3246\" data-end=\"3292\"><p data-start=\"3248\" data-end=\"3292\">Derecho de supresi\u00f3n (\u201cderecho al olvido\u201d)<\/p><\/li><li data-start=\"3293\" data-end=\"3338\"><p data-start=\"3295\" data-end=\"3338\">Derecho a la limitaci\u00f3n del tratamiento u oposici\u00f3n<\/p><\/li><li data-start=\"3339\" data-end=\"3368\"><p data-start=\"3341\" data-end=\"3368\">Derecho a la portabilidad de los datos<\/p><\/li><li data-start=\"3369\" data-end=\"3410\"><p data-start=\"3371\" data-end=\"3410\">Derecho a retirar el consentimiento<\/p><\/li><\/ul><p data-start=\"3412\" data-end=\"3478\">Para ejercer tus derechos: <strong data-start=\"3453\" data-end=\"3478\"><a class=\"cursor-pointer\" rel=\"noopener\" data-start=\"3455\" data-end=\"3476\">privacy@royalcert.com\/es<\/a><\/strong><\/p><hr data-start=\"3480\" data-end=\"3483\"><h3 data-start=\"3485\" data-end=\"3499\">9. Cookies<\/h3><p data-start=\"3501\" data-end=\"3638\">Utilizamos cookies para mejorar la experiencia de usuario, analizar el tr\u00e1fico y apoyar actividades de marketing. Para m\u00e1s detalles, consulta nuestra Pol\u00edtica de Cookies. <\/p><hr data-start=\"3640\" data-end=\"3643\"><h3 data-start=\"3645\" data-end=\"3666\">10. Seguridad de los datos<\/h3><p data-start=\"3668\" data-end=\"3814\">Aplicamos medidas t\u00e9cnicas y organizativas adecuadas para proteger tus datos frente a accesos no autorizados, divulgaci\u00f3n, alteraci\u00f3n o destrucci\u00f3n.<\/p><hr data-start=\"3816\" data-end=\"3819\"><h3 data-start=\"3821\" data-end=\"3852\">11. Transferencias internacionales<\/h3><p data-start=\"3854\" data-end=\"4028\">RoyalCert opera a nivel global. Tus datos pueden transferirse y tratarse en pa\u00edses fuera del EEE. En esos casos, garantizamos las salvaguardas adecuadas conforme al RGPD.  <\/p><hr data-start=\"4030\" data-end=\"4033\"><h3 data-start=\"4035\" data-end=\"4065\">12. Cambios en esta pol\u00edtica<\/h3><p data-start=\"4067\" data-end=\"4220\">Podemos actualizar esta Pol\u00edtica de Privacidad peri\u00f3dicamente. La versi\u00f3n m\u00e1s reciente estar\u00e1 siempre disponible en nuestro Sitio Web y te recomendamos revisarla con regularidad.  <\/p>\t\t\t\t\t\t\t\t<\/div>\n\t\t\t\t<\/div>\n\t\t\t\t\t<\/div>\n\t\t\t\t<\/div>\n\t\t<div class=\"elementor-element elementor-element-6d28982 e-flex e-con-boxed e-con e-parent\" data-id=\"6d28982\" data-element_type=\"container\" data-e-type=\"container\" data-settings=\"{&quot;background_background&quot;:&quot;classic&quot;}\">\n\t\t\t\t\t<div class=\"e-con-inner\">\n\t\t\t\t<div class=\"elementor-element elementor-element-2057532 elementor-widget elementor-widget-heading\" data-id=\"2057532\" data-element_type=\"widget\" data-e-type=\"widget\" data-widget_type=\"heading.default\">\n\t\t\t\t<div class=\"elementor-widget-container\">\n\t\t\t\t\t<h1 class=\"elementor-heading-title elementor-size-default\">Cont\u00e1ctanos<\/h1>\t\t\t\t<\/div>\n\t\t\t\t<\/div>\n\t\t\t\t<div class=\"elementor-element elementor-element-380162e elementor-widget elementor-widget-heading\" data-id=\"380162e\" data-element_type=\"widget\" data-e-type=\"widget\" data-widget_type=\"heading.default\">\n\t\t\t\t<div class=\"elementor-widget-container\">\n\t\t\t\t\t<h5 class=\"elementor-heading-title elementor-size-default\">Si tienes cualquier pregunta o inquietud sobre estos T\u00e9rminos y Condiciones, cont\u00e1ctanos en:\n<\/h5>\t\t\t\t<\/div>\n\t\t\t\t<\/div>\n\t\t\t\t<div class=\"elementor-element elementor-element-f351d7d elementor-widget elementor-widget-button\" data-id=\"f351d7d\" data-element_type=\"widget\" data-e-type=\"widget\" data-widget_type=\"button.default\">\n\t\t\t\t<div class=\"elementor-widget-container\">\n\t\t\t\t\t\t\t\t\t<div class=\"elementor-button-wrapper\">\n\t\t\t\t\t<a class=\"elementor-button elementor-button-link elementor-size-sm\" href=\"#\">\n\t\t\t\t\t\t<span class=\"elementor-button-content-wrapper\">\n\t\t\t\t\t\t\t\t\t<span class=\"elementor-button-text\">Contacto<\/span>\n\t\t\t\t\t<\/span>\n\t\t\t\t\t<\/a>\n\t\t\t\t<\/div>\n\t\t\t\t\t\t\t\t<\/div>\n\t\t\t\t<\/div>\n\t\t\t\t\t<\/div>\n\t\t\t\t<\/div>\n\t\t\t\t<\/div>\n\t\t","protected":false},"excerpt":{"rendered":"<p>Fecha de entrada en vigor: 28 de julio de 2025<\/p>\n<p>En RoyalCert, estamos comprometidos con la protecci\u00f3n de tus datos personales y el respeto a tu privacidad. Esta Pol\u00edtica de Privacidad explica c\u00f3mo recopilamos, utilizamos, almacenamos y protegemos tu informaci\u00f3n personal cuando visitas nuestro sitio web www.royalcert.com y sus subdominios (en conjunto, el \u201cSitio Web\u201d). <\/p>\n","protected":false},"author":1,"featured_media":8708,"parent":0,"menu_order":4,"comment_status":"closed","ping_status":"closed","template":"elementor_header_footer","meta":{"_acf_changed":false,"footnotes":""},"class_list":["post-8977","page","type-page","status-publish","has-post-thumbnail","hentry"],"acf":[],"yoast_head":"<!-- This site is optimized with the Yoast SEO Premium plugin v27.4 (Yoast SEO v27.4) - https:\/\/yoast.com\/product\/yoast-seo-premium-wordpress\/ -->\n<title>Pol\u00edtica de privacidad - RoyalCert Espa\u00f1ol<\/title>\n<meta name=\"robots\" content=\"index, follow, max-snippet:-1, max-image-preview:large, max-video-preview:-1\" \/>\n<link rel=\"canonical\" href=\"https:\/\/royalcert.com\/es\/politica-de-privacidad\/\" \/>\n<meta property=\"og:locale\" content=\"es_ES\" \/>\n<meta property=\"og:type\" content=\"article\" \/>\n<meta property=\"og:title\" content=\"Pol\u00edtica de privacidad\" \/>\n<meta property=\"og:description\" content=\"Fecha de entrada en vigor: 28 de julio de 2025 En RoyalCert, estamos comprometidos con la protecci\u00f3n de tus datos personales y el respeto a tu privacidad. Esta Pol\u00edtica de Privacidad explica c\u00f3mo recopilamos, utilizamos, almacenamos y protegemos tu informaci\u00f3n personal cuando visitas nuestro sitio web www.royalcert.com y sus subdominios (en conjunto, el \u201cSitio Web\u201d).\" \/>\n<meta property=\"og:url\" content=\"https:\/\/royalcert.com\/es\/politica-de-privacidad\/\" \/>\n<meta property=\"og:site_name\" content=\"RoyalCert Espa\u00f1ol\" \/>\n<meta property=\"article:modified_time\" content=\"2026-03-13T06:52:15+00:00\" \/>\n<meta property=\"og:image\" content=\"https:\/\/royalcert.com\/es\/wp-content\/uploads\/sites\/7\/2025\/06\/red-earth-globe-with-illuminated-network-connections-scaled.webp\" \/>\n\t<meta property=\"og:image:width\" content=\"2560\" \/>\n\t<meta property=\"og:image:height\" content=\"921\" \/>\n\t<meta property=\"og:image:type\" content=\"image\/webp\" \/>\n<meta name=\"twitter:card\" content=\"summary_large_image\" \/>\n<meta name=\"twitter:label1\" content=\"Tiempo de lectura\" \/>\n\t<meta name=\"twitter:data1\" content=\"3 minutos\" \/>\n<script type=\"application\/ld+json\" class=\"yoast-schema-graph\">{\"@context\":\"https:\\\/\\\/schema.org\",\"@graph\":[{\"@type\":\"WebPage\",\"@id\":\"https:\\\/\\\/royalcert.com\\\/es\\\/politica-de-privacidad\\\/\",\"url\":\"https:\\\/\\\/royalcert.com\\\/es\\\/politica-de-privacidad\\\/\",\"name\":\"Pol\u00edtica de privacidad - RoyalCert Espa\u00f1ol\",\"isPartOf\":{\"@id\":\"https:\\\/\\\/royalcert.com\\\/es\\\/#website\"},\"primaryImageOfPage\":{\"@id\":\"https:\\\/\\\/royalcert.com\\\/es\\\/politica-de-privacidad\\\/#primaryimage\"},\"image\":{\"@id\":\"https:\\\/\\\/royalcert.com\\\/es\\\/politica-de-privacidad\\\/#primaryimage\"},\"thumbnailUrl\":\"https:\\\/\\\/royalcert.com\\\/es\\\/wp-content\\\/uploads\\\/sites\\\/7\\\/2025\\\/06\\\/red-earth-globe-with-illuminated-network-connections-scaled.webp\",\"datePublished\":\"2025-07-28T08:25:00+00:00\",\"dateModified\":\"2026-03-13T06:52:15+00:00\",\"breadcrumb\":{\"@id\":\"https:\\\/\\\/royalcert.com\\\/es\\\/politica-de-privacidad\\\/#breadcrumb\"},\"inLanguage\":\"es\",\"potentialAction\":[{\"@type\":\"ReadAction\",\"target\":[\"https:\\\/\\\/royalcert.com\\\/es\\\/politica-de-privacidad\\\/\"]}]},{\"@type\":\"ImageObject\",\"inLanguage\":\"es\",\"@id\":\"https:\\\/\\\/royalcert.com\\\/es\\\/politica-de-privacidad\\\/#primaryimage\",\"url\":\"https:\\\/\\\/royalcert.com\\\/es\\\/wp-content\\\/uploads\\\/sites\\\/7\\\/2025\\\/06\\\/red-earth-globe-with-illuminated-network-connections-scaled.webp\",\"contentUrl\":\"https:\\\/\\\/royalcert.com\\\/es\\\/wp-content\\\/uploads\\\/sites\\\/7\\\/2025\\\/06\\\/red-earth-globe-with-illuminated-network-connections-scaled.webp\",\"width\":2560,\"height\":921},{\"@type\":\"BreadcrumbList\",\"@id\":\"https:\\\/\\\/royalcert.com\\\/es\\\/politica-de-privacidad\\\/#breadcrumb\",\"itemListElement\":[{\"@type\":\"ListItem\",\"position\":1,\"name\":\"Inicio\",\"item\":\"https:\\\/\\\/royalcert.com\\\/es\\\/\"},{\"@type\":\"ListItem\",\"position\":2,\"name\":\"Pol\u00edtica de privacidad\"}]},{\"@type\":\"WebSite\",\"@id\":\"https:\\\/\\\/royalcert.com\\\/es\\\/#website\",\"url\":\"https:\\\/\\\/royalcert.com\\\/es\\\/\",\"name\":\"RoyalCert Espa\u00f1ol\",\"description\":\"Instilling Confidence\",\"publisher\":{\"@id\":\"https:\\\/\\\/royalcert.com\\\/es\\\/#organization\"},\"potentialAction\":[{\"@type\":\"SearchAction\",\"target\":{\"@type\":\"EntryPoint\",\"urlTemplate\":\"https:\\\/\\\/royalcert.com\\\/es\\\/?s={search_term_string}\"},\"query-input\":{\"@type\":\"PropertyValueSpecification\",\"valueRequired\":true,\"valueName\":\"search_term_string\"}}],\"inLanguage\":\"es\"},{\"@type\":\"Organization\",\"@id\":\"https:\\\/\\\/royalcert.com\\\/es\\\/#organization\",\"name\":\"RoyalCert Espa\u00f1ol\",\"url\":\"https:\\\/\\\/royalcert.com\\\/es\\\/\",\"logo\":{\"@type\":\"ImageObject\",\"inLanguage\":\"es\",\"@id\":\"https:\\\/\\\/royalcert.com\\\/es\\\/#\\\/schema\\\/logo\\\/image\\\/\",\"url\":\"https:\\\/\\\/royalcert.com\\\/es\\\/wp-content\\\/uploads\\\/sites\\\/7\\\/2025\\\/06\\\/royalcert-logo-standard.svg\",\"contentUrl\":\"https:\\\/\\\/royalcert.com\\\/es\\\/wp-content\\\/uploads\\\/sites\\\/7\\\/2025\\\/06\\\/royalcert-logo-standard.svg\",\"width\":323,\"height\":323,\"caption\":\"RoyalCert Espa\u00f1ol\"},\"image\":{\"@id\":\"https:\\\/\\\/royalcert.com\\\/es\\\/#\\\/schema\\\/logo\\\/image\\\/\"}}]}<\/script>\n<!-- \/ Yoast SEO Premium plugin. -->","yoast_head_json":{"title":"Pol\u00edtica de privacidad - RoyalCert Espa\u00f1ol","robots":{"index":"index","follow":"follow","max-snippet":"max-snippet:-1","max-image-preview":"max-image-preview:large","max-video-preview":"max-video-preview:-1"},"canonical":"https:\/\/royalcert.com\/es\/politica-de-privacidad\/","og_locale":"es_ES","og_type":"article","og_title":"Pol\u00edtica de privacidad","og_description":"Fecha de entrada en vigor: 28 de julio de 2025 En RoyalCert, estamos comprometidos con la protecci\u00f3n de tus datos personales y el respeto a tu privacidad. Esta Pol\u00edtica de Privacidad explica c\u00f3mo recopilamos, utilizamos, almacenamos y protegemos tu informaci\u00f3n personal cuando visitas nuestro sitio web www.royalcert.com y sus subdominios (en conjunto, el \u201cSitio Web\u201d).","og_url":"https:\/\/royalcert.com\/es\/politica-de-privacidad\/","og_site_name":"RoyalCert Espa\u00f1ol","article_modified_time":"2026-03-13T06:52:15+00:00","og_image":[{"width":2560,"height":921,"url":"https:\/\/royalcert.com\/es\/wp-content\/uploads\/sites\/7\/2025\/06\/red-earth-globe-with-illuminated-network-connections-scaled.webp","type":"image\/webp"}],"twitter_card":"summary_large_image","twitter_misc":{"Tiempo de lectura":"3 minutos"},"schema":{"@context":"https:\/\/schema.org","@graph":[{"@type":"WebPage","@id":"https:\/\/royalcert.com\/es\/politica-de-privacidad\/","url":"https:\/\/royalcert.com\/es\/politica-de-privacidad\/","name":"Pol\u00edtica de privacidad - RoyalCert Espa\u00f1ol","isPartOf":{"@id":"https:\/\/royalcert.com\/es\/#website"},"primaryImageOfPage":{"@id":"https:\/\/royalcert.com\/es\/politica-de-privacidad\/#primaryimage"},"image":{"@id":"https:\/\/royalcert.com\/es\/politica-de-privacidad\/#primaryimage"},"thumbnailUrl":"https:\/\/royalcert.com\/es\/wp-content\/uploads\/sites\/7\/2025\/06\/red-earth-globe-with-illuminated-network-connections-scaled.webp","datePublished":"2025-07-28T08:25:00+00:00","dateModified":"2026-03-13T06:52:15+00:00","breadcrumb":{"@id":"https:\/\/royalcert.com\/es\/politica-de-privacidad\/#breadcrumb"},"inLanguage":"es","potentialAction":[{"@type":"ReadAction","target":["https:\/\/royalcert.com\/es\/politica-de-privacidad\/"]}]},{"@type":"ImageObject","inLanguage":"es","@id":"https:\/\/royalcert.com\/es\/politica-de-privacidad\/#primaryimage","url":"https:\/\/royalcert.com\/es\/wp-content\/uploads\/sites\/7\/2025\/06\/red-earth-globe-with-illuminated-network-connections-scaled.webp","contentUrl":"https:\/\/royalcert.com\/es\/wp-content\/uploads\/sites\/7\/2025\/06\/red-earth-globe-with-illuminated-network-connections-scaled.webp","width":2560,"height":921},{"@type":"BreadcrumbList","@id":"https:\/\/royalcert.com\/es\/politica-de-privacidad\/#breadcrumb","itemListElement":[{"@type":"ListItem","position":1,"name":"Inicio","item":"https:\/\/royalcert.com\/es\/"},{"@type":"ListItem","position":2,"name":"Pol\u00edtica de privacidad"}]},{"@type":"WebSite","@id":"https:\/\/royalcert.com\/es\/#website","url":"https:\/\/royalcert.com\/es\/","name":"RoyalCert Espa\u00f1ol","description":"Instilling Confidence","publisher":{"@id":"https:\/\/royalcert.com\/es\/#organization"},"potentialAction":[{"@type":"SearchAction","target":{"@type":"EntryPoint","urlTemplate":"https:\/\/royalcert.com\/es\/?s={search_term_string}"},"query-input":{"@type":"PropertyValueSpecification","valueRequired":true,"valueName":"search_term_string"}}],"inLanguage":"es"},{"@type":"Organization","@id":"https:\/\/royalcert.com\/es\/#organization","name":"RoyalCert Espa\u00f1ol","url":"https:\/\/royalcert.com\/es\/","logo":{"@type":"ImageObject","inLanguage":"es","@id":"https:\/\/royalcert.com\/es\/#\/schema\/logo\/image\/","url":"https:\/\/royalcert.com\/es\/wp-content\/uploads\/sites\/7\/2025\/06\/royalcert-logo-standard.svg","contentUrl":"https:\/\/royalcert.com\/es\/wp-content\/uploads\/sites\/7\/2025\/06\/royalcert-logo-standard.svg","width":323,"height":323,"caption":"RoyalCert Espa\u00f1ol"},"image":{"@id":"https:\/\/royalcert.com\/es\/#\/schema\/logo\/image\/"}}]}},"_links":{"self":[{"href":"https:\/\/royalcert.com\/es\/wp-json\/wp\/v2\/pages\/8977","targetHints":{"allow":["GET"]}}],"collection":[{"href":"https:\/\/royalcert.com\/es\/wp-json\/wp\/v2\/pages"}],"about":[{"href":"https:\/\/royalcert.com\/es\/wp-json\/wp\/v2\/types\/page"}],"author":[{"embeddable":true,"href":"https:\/\/royalcert.com\/es\/wp-json\/wp\/v2\/users\/1"}],"replies":[{"embeddable":true,"href":"https:\/\/royalcert.com\/es\/wp-json\/wp\/v2\/comments?post=8977"}],"version-history":[{"count":1,"href":"https:\/\/royalcert.com\/es\/wp-json\/wp\/v2\/pages\/8977\/revisions"}],"predecessor-version":[{"id":8978,"href":"https:\/\/royalcert.com\/es\/wp-json\/wp\/v2\/pages\/8977\/revisions\/8978"}],"wp:featuredmedia":[{"embeddable":true,"href":"https:\/\/royalcert.com\/es\/wp-json\/wp\/v2\/media\/8708"}],"wp:attachment":[{"href":"https:\/\/royalcert.com\/es\/wp-json\/wp\/v2\/media?parent=8977"}],"curies":[{"name":"wp","href":"https:\/\/api.w.org\/{rel}","templated":true}]}}